{"id":163,"date":"2024-08-28T21:51:43","date_gmt":"2024-08-28T13:51:43","guid":{"rendered":"http:\/\/www.cnhtcgroup.com\/?page_id=163"},"modified":"2025-08-12T13:44:24","modified_gmt":"2025-08-12T05:44:24","slug":"contact-us","status":"publish","type":"page","link":"https:\/\/www.cnhtcgroup.com\/pt\/contact-us\/","title":{"rendered":"Contactar-nos"},"content":{"rendered":"<p>Atualmente, mais de 4 milh\u00f5es de ve\u00edculos comerciais da SlNOTRUK podem ser encontrados em todo o mundo, servindo diversas regi\u00f5es do globo. Uma rede global de mais de 1.000 concession\u00e1rios assegura vendas e assist\u00eancia t\u00e9cnica a clientes em todo o mundo.<\/p>\n<p>&nbsp;<\/p>\n<p><span style=\"color: #00a19f;\">Hor\u00e1rio de funcionamento\uff1a De segunda a sexta-feira, das 8:30 \u00e0s 17:30 CST (UTC + 8)<\/span><\/p>","protected":false},"excerpt":{"rendered":"<p>Atualmente, mais de 4 milh\u00f5es de ve\u00edculos comerciais da SlNOTRUK podem ser encontrados em todo o mundo, servindo diversas regi\u00f5es do globo. Uma rede global de mais de 1.000 concession\u00e1rias garante vendas e suporte de servi\u00e7o para clientes em todo o mundo.   Hor\u00e1rio de funcionamento\uff1a De segunda a sexta-feira, das 8:30 \u00e0s 17:30 CST (UTC + 8)<\/p>","protected":false},"author":1,"featured_media":0,"parent":0,"menu_order":2,"comment_status":"closed","ping_status":"closed","template":"contactus.php","meta":{"_acf_changed":false,"footnotes":""},"class_list":["post-163","page","type-page","status-publish","hentry"],"acf":[],"_links":{"self":[{"href":"https:\/\/www.cnhtcgroup.com\/pt\/wp-json\/wp\/v2\/pages\/163","targetHints":{"allow":["GET"]}}],"collection":[{"href":"https:\/\/www.cnhtcgroup.com\/pt\/wp-json\/wp\/v2\/pages"}],"about":[{"href":"https:\/\/www.cnhtcgroup.com\/pt\/wp-json\/wp\/v2\/types\/page"}],"author":[{"embeddable":true,"href":"https:\/\/www.cnhtcgroup.com\/pt\/wp-json\/wp\/v2\/users\/1"}],"replies":[{"embeddable":true,"href":"https:\/\/www.cnhtcgroup.com\/pt\/wp-json\/wp\/v2\/comments?post=163"}],"version-history":[{"count":12,"href":"https:\/\/www.cnhtcgroup.com\/pt\/wp-json\/wp\/v2\/pages\/163\/revisions"}],"predecessor-version":[{"id":1690,"href":"https:\/\/www.cnhtcgroup.com\/pt\/wp-json\/wp\/v2\/pages\/163\/revisions\/1690"}],"wp:attachment":[{"href":"https:\/\/www.cnhtcgroup.com\/pt\/wp-json\/wp\/v2\/media?parent=163"}],"curies":[{"name":"wp","href":"https:\/\/api.w.org\/{rel}","templated":true}]}}