{"id":153,"date":"2024-08-28T21:26:24","date_gmt":"2024-08-28T13:26:24","guid":{"rendered":"http:\/\/www.cnhtcgroup.com\/?page_id=153"},"modified":"2024-11-27T13:36:28","modified_gmt":"2024-11-27T05:36:28","slug":"social-responsibility","status":"publish","type":"page","link":"https:\/\/www.cnhtcgroup.com\/pt\/company\/social-responsibility\/","title":{"rendered":"Responsabilidade social"},"content":{"rendered":"<p><img loading=\"lazy\" decoding=\"async\" class=\"aligncenter size-full wp-image-1396\" src=\"http:\/\/www.cnhtcgroup.com\/wp-content\/uploads\/2024\/11\/Social-Responsibility3.jpg\" alt=\"Responsabilidade social\" width=\"980\" height=\"317\" srcset=\"https:\/\/www.cnhtcgroup.com\/wp-content\/uploads\/2024\/11\/Social-Responsibility3.jpg 980w, https:\/\/www.cnhtcgroup.com\/wp-content\/uploads\/2024\/11\/Social-Responsibility3-300x97.jpg 300w, https:\/\/www.cnhtcgroup.com\/wp-content\/uploads\/2024\/11\/Social-Responsibility3-768x248.jpg 768w\" sizes=\"auto, (max-width: 980px) 100vw, 980px\" \/> <img loading=\"lazy\" decoding=\"async\" class=\"aligncenter size-full wp-image-1397\" src=\"http:\/\/www.cnhtcgroup.com\/wp-content\/uploads\/2024\/11\/Social-Responsibility2.jpg\" alt=\"Responsabilidade social\" width=\"982\" height=\"621\" srcset=\"https:\/\/www.cnhtcgroup.com\/wp-content\/uploads\/2024\/11\/Social-Responsibility2.jpg 982w, https:\/\/www.cnhtcgroup.com\/wp-content\/uploads\/2024\/11\/Social-Responsibility2-300x190.jpg 300w, https:\/\/www.cnhtcgroup.com\/wp-content\/uploads\/2024\/11\/Social-Responsibility2-768x486.jpg 768w\" sizes=\"auto, (max-width: 982px) 100vw, 982px\" \/> <img loading=\"lazy\" decoding=\"async\" class=\"aligncenter size-full wp-image-1398\" src=\"http:\/\/www.cnhtcgroup.com\/wp-content\/uploads\/2024\/11\/Social-Responsibility.jpg\" alt=\"Responsabilidade social\" width=\"980\" height=\"720\" srcset=\"https:\/\/www.cnhtcgroup.com\/wp-content\/uploads\/2024\/11\/Social-Responsibility.jpg 980w, https:\/\/www.cnhtcgroup.com\/wp-content\/uploads\/2024\/11\/Social-Responsibility-300x220.jpg 300w, https:\/\/www.cnhtcgroup.com\/wp-content\/uploads\/2024\/11\/Social-Responsibility-768x564.jpg 768w\" sizes=\"auto, (max-width: 980px) 100vw, 980px\" \/><\/p>\n<p>Na via do desenvolvimento r\u00e1pido, <a href=\"https:\/\/www.cnhtcgroup.com\/pt\/\" data-internallinksmanager029f6b8e52c=\"1\" title=\"sinotruque\">Sinotruk<\/a> assumiu corajosamente responsabilidades sociais e avan\u00e7ou com amor. Investiu mais de 100 milh\u00f5es de yuans em projectos de assist\u00eancia a cat\u00e1strofes e doou cerca de 30 milh\u00f5es de yuans em propriedades. Nos \u00faltimos anos, com o avan\u00e7o cont\u00ednuo dos empreendimentos de caridade e bem-estar p\u00fablico do Grupo Sinotruk, a Sinotruk ganhou muitos t\u00edtulos honor\u00edficos, incluindo \"Unidade Civilizada Nacional\", \"Pr\u00e9mio de Caridade da China\", \"Unidade Avan\u00e7ada Nacional de Constru\u00e7\u00e3o da Civiliza\u00e7\u00e3o Espiritual de 2009\", \"Casa dos Trabalhadores Modelo Nacional\", \"Pr\u00e9mio de Honra do Ba\u00fa Comunit\u00e1rio de Hong Kong\", \"Pr\u00e9mio de Caridade de Shandong\", \"Pr\u00e9mio de Empresa Mais Solid\u00e1ria da Prov\u00edncia de Shandong\", \"2008 Shandong Top Ten Responsible Enterprises\", \"2009 Provincial Civilized Unit\", \"2009 Most Caring Enterprise\" Award, \"My Brothers and Sisters - Ambassador of Love\" Award, \"Jinan City's Outstanding Collective for Enthusiastic Public Welfare\", \"Jinan City's Outstanding Contribution Award for Heroic Acts\", e \"Jinan Charity Ten Years Outstanding Contribution Award\".<\/p>\n<p>Ao longo dos anos, o Grupo Sinotruk tomou a iniciativa de assumir responsabilidades sociais, apoiou ativamente a caridade e a assist\u00eancia aos deficientes e participou com entusiasmo em v\u00e1rias actividades de bem-estar p\u00fablico na sociedade: em julho de 2006, assumiu a lideran\u00e7a na cria\u00e7\u00e3o de uma esta\u00e7\u00e3o de trabalho de caridade corporativa na cidade de Jinan, organizando e orientando os funcion\u00e1rios para participarem ativamente em v\u00e1rias actividades de ajuda em caso de cat\u00e1strofe e de doa\u00e7\u00e3o di\u00e1ria de caridade. Al\u00e9m disso, com o desenvolvimento da empresa e o aumento da consci\u00eancia caritativa dos funcion\u00e1rios, o n\u00famero de doa\u00e7\u00f5es tem aumentado ano ap\u00f3s ano. Os fundos de caridade prometidos pela Sinotruk \u00e0 prov\u00edncia de Shandong e \u00e0 Federa\u00e7\u00e3o de Caridade de Jinan aumentaram dos 20 milh\u00f5es iniciais para os actuais 100 milh\u00f5es de yuan, doando 5,6 milh\u00f5es de yuan por ano. A Sinotruk (Hong Kong) Company tem doado continuamente fundos de assist\u00eancia social p\u00fablica a institui\u00e7\u00f5es de caridade de Hong Kong desde a sua admiss\u00e3o \u00e0 cota\u00e7\u00e3o, tendo sido galardoada com o pr\u00e9mio honor\u00e1rio Hong Kong Community Chest. Nas actividades \"Respeito, cuidado e ajuda\" para os deficientes, foram feitos donativos \u00e0 Funda\u00e7\u00e3o para o Bem-Estar dos Deficientes da Prov\u00edncia de Shandong e da cidade de Jinan para tratamento m\u00e9dico, reabilita\u00e7\u00e3o, educa\u00e7\u00e3o e assist\u00eancia \u00e0 subsist\u00eancia de pessoas deficientes pobres; todos os anos, na chegada do \"Dia Nacional dos Deficientes\", ser\u00e3o apresentados projectos amorosos aos deficientes.<\/p>\n<p>Confrontados com v\u00e1rias cat\u00e1strofes - o terramoto de Wenchuan, o terramoto de Yushu, o desastre do congelamento, a seca no sul, o tsunami do sudeste asi\u00e1tico, o acidente de inunda\u00e7\u00e3o da mina de carv\u00e3o Huayuan... Nos \u00faltimos anos, os funcion\u00e1rios da China National Heavy Duty Truck doaram generosamente um total de 30 milh\u00f5es de yuan em dinheiro e materiais. Algumas unidades tamb\u00e9m organizaram os seus funcion\u00e1rios para irem para a \u00e1rea do desastre para distribuir bens para as massas e dar \u00e1gua mineral para os alunos da escola; para apoiar o povo de Sichuan na reconstru\u00e7\u00e3o de suas casas, em maio de 2009, Sinotruk investiu a primeira soma de dinheiro em Mianyang para construir Sinotruk Mianyang Special Purpose Vehicle Co., Ltd. com uma capacidade de produ\u00e7\u00e3o anual de 10.000 ve\u00edculos para fins especiais. A empresa foi oficialmente colocada em produ\u00e7\u00e3o em dezembro de 2009 e criou 300 postos de trabalho na cidade de Mianyang; em 24 de agosto de 2010, o Governo Popular Municipal de Mianyang e a Sinotruk Group Co., Ltd. assinaram o Acordo de Projeto de Cami\u00e3o Sinotruk Group Sichuan Mianyang, com um investimento total de cerca de 2 mil milh\u00f5es de yuan. Ap\u00f3s a conclus\u00e3o e produ\u00e7\u00e3o, ter\u00e1 uma capacidade de produ\u00e7\u00e3o anual de 40 000 ve\u00edculos pesados. O investimento inicial \u00e9 de cerca de mil milh\u00f5es de yuans, formando uma capacidade de montagem de 20 000 cami\u00f5es pesados; em 2010, em resposta \u00e0 estrat\u00e9gia nacional ocidental e \u00e0 disposi\u00e7\u00e3o estrat\u00e9gica do desenvolvimento de Haixi, foram revelados, um ap\u00f3s outro, o Sinotruk Group Chengdu Wangpai Commercial Vehicle Co., Ltd. e o Fujian Haixi Automobile Co.<\/p>\n<p>A SINOTRUK organizou os seus empregados para participarem em v\u00e1rias actividades de voluntariado e apoiou ativamente v\u00e1rias iniciativas de bem-estar p\u00fablico na sociedade: doou 20 000 yuanes a uma escola prim\u00e1ria em Shanxi para a ajudar a melhorar as suas infra-estruturas educativas; investiu um milh\u00e3o de yuanes em 2008 para participar na constru\u00e7\u00e3o de uma nova zona rural socialista e financiou a constru\u00e7\u00e3o de uma s\u00e9rie de infra-estruturas, tais como a pavimenta\u00e7\u00e3o de estradas, a repara\u00e7\u00e3o de pontes, a constru\u00e7\u00e3o de instala\u00e7\u00f5es de conserva\u00e7\u00e3o de \u00e1gua, a instala\u00e7\u00e3o de ilumina\u00e7\u00e3o p\u00fablica e a constru\u00e7\u00e3o de piscinas de biog\u00e1s na aldeia de Qimiao, na cidade de Longsangsi, no condado de Shanghe, em Shandong; a fim de apoiar a constru\u00e7\u00e3o municipal de Jinan, em mar\u00e7o de 2010, a SINOTRUK doou gratuitamente 10 ve\u00edculos de saneamento multifuncionais no valor total de 5 milh\u00f5es de yuan ao Governo Municipal de Jinan, beneficiando a popula\u00e7\u00e3o de Jinan.<\/p>\n<p>Al\u00e9m disso, a SINOTRUK tamb\u00e9m apoia com entusiasmo o desenvolvimento do desporto, tendo patrocinado sucessivamente a equipa de futebol feminino de Shandong, a equipa de xadrez do Life Daily Qunkang Club e o campeonato chin\u00eas de luta livre, a equipa nacional feminina de halterofilismo, os 11.os Jogos Nacionais e a viagem da equipa chinesa de halterofilismo para os Jogos Ol\u00edmpicos de Londres.<\/p>\n<p>Perante a turbul\u00eancia financeira e a instabilidade dos mercados de capitais, a Sinotruk protege sempre os interesses dos acionistas e aumentou as suas participa\u00e7\u00f5es na Sinotruk (Hong Kong) Co., Ltd. em 43 218 000 ac\u00e7\u00f5es em 23 de setembro e 17 de outubro de 2009.<\/p>\n<p>Em 2010, na \"A\u00e7\u00e3o de Servi\u00e7o Volunt\u00e1rio para Cuidar de Idosos com Ninhos Vazios\" na cidade de Jinan, doou 200 000 yuan de fundos de servi\u00e7o volunt\u00e1rio \u00e0 Funda\u00e7\u00e3o de Servi\u00e7o Volunt\u00e1rio da China; sob a influ\u00eancia do trabalho de caridade da empresa do grupo, a f\u00e1brica profissional tomou a iniciativa de realizar trabalho de caridade em \u00e1reas rurais, realizou a atividade \"Iluminar a Pequena Lanterna Laranja\" e doou mais de 890 livros a crian\u00e7as abandonadas.<\/p>","protected":false},"excerpt":{"rendered":"<p>No caminho do r\u00e1pido desenvolvimento, a Sinotruk assumiu corajosamente responsabilidades sociais e avan\u00e7ou com amor. Investiu mais de 100 milh\u00f5es de yuans em projectos de assist\u00eancia a cat\u00e1strofes e doou cerca de 30 milh\u00f5es de yuans em propriedades. Nos \u00faltimos anos, com o avan\u00e7o cont\u00ednuo das ac\u00e7\u00f5es de benefic\u00eancia e assist\u00eancia social do Grupo Sinotruk, a Sinotruk [...]<\/p>","protected":false},"author":1,"featured_media":0,"parent":145,"menu_order":45,"comment_status":"closed","ping_status":"closed","template":"gongsidanye.php","meta":{"_acf_changed":false,"footnotes":""},"class_list":["post-153","page","type-page","status-publish","hentry"],"acf":[],"_links":{"self":[{"href":"https:\/\/www.cnhtcgroup.com\/pt\/wp-json\/wp\/v2\/pages\/153","targetHints":{"allow":["GET"]}}],"collection":[{"href":"https:\/\/www.cnhtcgroup.com\/pt\/wp-json\/wp\/v2\/pages"}],"about":[{"href":"https:\/\/www.cnhtcgroup.com\/pt\/wp-json\/wp\/v2\/types\/page"}],"author":[{"embeddable":true,"href":"https:\/\/www.cnhtcgroup.com\/pt\/wp-json\/wp\/v2\/users\/1"}],"replies":[{"embeddable":true,"href":"https:\/\/www.cnhtcgroup.com\/pt\/wp-json\/wp\/v2\/comments?post=153"}],"version-history":[{"count":5,"href":"https:\/\/www.cnhtcgroup.com\/pt\/wp-json\/wp\/v2\/pages\/153\/revisions"}],"predecessor-version":[{"id":1399,"href":"https:\/\/www.cnhtcgroup.com\/pt\/wp-json\/wp\/v2\/pages\/153\/revisions\/1399"}],"up":[{"embeddable":true,"href":"https:\/\/www.cnhtcgroup.com\/pt\/wp-json\/wp\/v2\/pages\/145"}],"wp:attachment":[{"href":"https:\/\/www.cnhtcgroup.com\/pt\/wp-json\/wp\/v2\/media?parent=153"}],"curies":[{"name":"wp","href":"https:\/\/api.w.org\/{rel}","templated":true}]}}