{"id":151,"date":"2024-08-28T21:25:07","date_gmt":"2024-08-28T13:25:07","guid":{"rendered":"http:\/\/www.cnhtcgroup.com\/?page_id=151"},"modified":"2024-11-27T13:10:08","modified_gmt":"2024-11-27T05:10:08","slug":"company-culture","status":"publish","type":"page","link":"https:\/\/www.cnhtcgroup.com\/pt\/company\/company-culture\/","title":{"rendered":"Cultura da empresa"},"content":{"rendered":"<p><img loading=\"lazy\" decoding=\"async\" class=\"aligncenter size-full wp-image-1388\" src=\"http:\/\/www.cnhtcgroup.com\/wp-content\/uploads\/2024\/11\/employee-value.jpg\" alt=\"valor do trabalhador\" width=\"762\" height=\"727\" srcset=\"https:\/\/www.cnhtcgroup.com\/wp-content\/uploads\/2024\/11\/employee-value.jpg 762w, https:\/\/www.cnhtcgroup.com\/wp-content\/uploads\/2024\/11\/employee-value-300x286.jpg 300w\" sizes=\"auto, (max-width: 762px) 100vw, 762px\" \/><\/p>\n<p><img loading=\"lazy\" decoding=\"async\" class=\"aligncenter size-full wp-image-1389\" src=\"http:\/\/www.cnhtcgroup.com\/wp-content\/uploads\/2024\/11\/employee-value2.jpg\" alt=\"valor do trabalhador\" width=\"764\" height=\"315\" srcset=\"https:\/\/www.cnhtcgroup.com\/wp-content\/uploads\/2024\/11\/employee-value2.jpg 764w, https:\/\/www.cnhtcgroup.com\/wp-content\/uploads\/2024\/11\/employee-value2-300x124.jpg 300w\" sizes=\"auto, (max-width: 764px) 100vw, 764px\" \/><\/p>\n<p><strong>. Valores fundamentais<\/strong><br \/>\nA satisfa\u00e7\u00e3o do cliente \u00e9 o nosso objetivo<\/p>\n<p><strong>. Conceito de base<\/strong><br \/>\nResponsabilidade, Inova\u00e7\u00e3o, Comunica\u00e7\u00e3o, Inclus\u00e3o<\/p>\n<p><strong>. Cultura Apaixonada<\/strong><br \/>\nProcurar sempre o primeiro lugar<\/p>\n<p><strong>. Cultura de execu\u00e7\u00e3o<\/strong><br \/>\nRespons\u00e1vel por fazer o trabalho, fazer o trabalho no local<\/p>\n<p><strong>. Cultura de responsabilidade profissional<\/strong><br \/>\nProduzo produtos, dou garantias aos clientes<\/p>\n<p><strong>. Esp\u00edrito de uma instru\u00e7\u00e3o<\/strong><br \/>\nAtacar a atividade principal sem distrac\u00e7\u00f5es<\/p>\n<p>Em <a href=\"https:\/\/www.cnhtcgroup.com\/pt\/\" data-internallinksmanager029f6b8e52c=\"1\" title=\"sinotruque\">SINOTRUK<\/a>A empresa \u00e9 uma empresa de neg\u00f3cios, onde cada funcion\u00e1rio \u00e9 valorizado e tratado com respeito;<\/p>\n<p>Recrutamos profissionais de elite a n\u00edvel mundial, oferecendo um ambiente de trabalho aberto e inclusivo, juntamente com uma vasta gama de percursos de desenvolvimento de carreira;<\/p>\n<p>Trabalhamos lado a lado com os nossos colaboradores para criar valor e partilhar as recompensas do nosso crescimento coletivo.<\/p>","protected":false},"excerpt":{"rendered":"<p>. Valores fundamentais A satisfa\u00e7\u00e3o do cliente \u00e9 o nosso objetivo . Conceito Central Responsabilidade, Inova\u00e7\u00e3o, Comunica\u00e7\u00e3o, Inclus\u00e3o . Cultura de Paix\u00e3o Lutar sempre pelo primeiro lugar . Cultura de Execu\u00e7\u00e3o Respons\u00e1vel por fazer o trabalho, fazer o trabalho no local . Cultura da responsabilidade profissional Eu produzo produtos, eu garanto aos clientes . Esp\u00edrito de Instru\u00e7\u00e3o Atacar o principal [...]<\/p>","protected":false},"author":1,"featured_media":0,"parent":145,"menu_order":46,"comment_status":"closed","ping_status":"closed","template":"gongsidanye.php","meta":{"_acf_changed":false,"footnotes":""},"class_list":["post-151","page","type-page","status-publish","hentry"],"acf":[],"_links":{"self":[{"href":"https:\/\/www.cnhtcgroup.com\/pt\/wp-json\/wp\/v2\/pages\/151","targetHints":{"allow":["GET"]}}],"collection":[{"href":"https:\/\/www.cnhtcgroup.com\/pt\/wp-json\/wp\/v2\/pages"}],"about":[{"href":"https:\/\/www.cnhtcgroup.com\/pt\/wp-json\/wp\/v2\/types\/page"}],"author":[{"embeddable":true,"href":"https:\/\/www.cnhtcgroup.com\/pt\/wp-json\/wp\/v2\/users\/1"}],"replies":[{"embeddable":true,"href":"https:\/\/www.cnhtcgroup.com\/pt\/wp-json\/wp\/v2\/comments?post=151"}],"version-history":[{"count":6,"href":"https:\/\/www.cnhtcgroup.com\/pt\/wp-json\/wp\/v2\/pages\/151\/revisions"}],"predecessor-version":[{"id":1390,"href":"https:\/\/www.cnhtcgroup.com\/pt\/wp-json\/wp\/v2\/pages\/151\/revisions\/1390"}],"up":[{"embeddable":true,"href":"https:\/\/www.cnhtcgroup.com\/pt\/wp-json\/wp\/v2\/pages\/145"}],"wp:attachment":[{"href":"https:\/\/www.cnhtcgroup.com\/pt\/wp-json\/wp\/v2\/media?parent=151"}],"curies":[{"name":"wp","href":"https:\/\/api.w.org\/{rel}","templated":true}]}}