{"id":137,"date":"2024-08-28T21:12:13","date_gmt":"2024-08-28T13:12:13","guid":{"rendered":"http:\/\/www.cnhtcgroup.com\/?page_id=137"},"modified":"2024-11-27T09:57:40","modified_gmt":"2024-11-27T01:57:40","slug":"brand-strategy","status":"publish","type":"page","link":"https:\/\/www.cnhtcgroup.com\/pt\/brand\/brand-strategy\/","title":{"rendered":"Estrat\u00e9gia da marca"},"content":{"rendered":"<p>China National Heavy Duty Truck Group Co., Ltd. (a seguir designada por \"<a href=\"https:\/\/www.cnhtcgroup.com\/pt\/\" data-internallinksmanager029f6b8e52c=\"1\" title=\"sinotruque\">Sinotruk<\/a>\") era anteriormente a f\u00e1brica de autom\u00f3veis de Jinan, fundada em 1930. Tem uma hist\u00f3ria de desenvolvimento de marca de quase 100 anos e um profundo patrim\u00f3nio de marca. Testemunhou o salto hist\u00f3rico da ind\u00fastria autom\u00f3vel pesada nacional do zero, de pequena a grande, e de fraca a forte. \u00c9 a herdeira e praticante do esp\u00edrito do Rio Amarelo de \"galopar para a frente e lutar pelo auto-aperfei\u00e7oamento\".<\/p>\n<p><img loading=\"lazy\" decoding=\"async\" class=\"aligncenter size-full wp-image-484\" src=\"http:\/\/www.cnhtcgroup.com\/wp-content\/uploads\/2024\/09\/Brand-strategy-1.jpg\" alt=\"\" width=\"1200\" height=\"542\" srcset=\"https:\/\/www.cnhtcgroup.com\/wp-content\/uploads\/2024\/09\/Brand-strategy-1.jpg 1200w, https:\/\/www.cnhtcgroup.com\/wp-content\/uploads\/2024\/09\/Brand-strategy-1-300x136.jpg 300w, https:\/\/www.cnhtcgroup.com\/wp-content\/uploads\/2024\/09\/Brand-strategy-1-1024x463.jpg 1024w, https:\/\/www.cnhtcgroup.com\/wp-content\/uploads\/2024\/09\/Brand-strategy-1-768x347.jpg 768w\" sizes=\"auto, (max-width: 1200px) 100vw, 1200px\" \/><\/p>\n<p>A Sinotruk desenvolve, produz e vende principalmente v\u00e1rios cami\u00f5es, ve\u00edculos especiais, ve\u00edculos especiais e conjuntos e pe\u00e7as para autom\u00f3veis, tais como motores, caixas de velocidades e eixos. Possui uma gama completa de marcas de ve\u00edculos comerciais, como a Yellow River, <a href=\"https:\/\/www.cnhtcgroup.com\/pt\/sitrak\/\">Sitrak<\/a>e <a href=\"https:\/\/www.cnhtcgroup.com\/pt\/\" data-internallinksmanager029f6b8e52c=\"8\" title=\"howo\">Howo<\/a>. \u00c9 uma das empresas de cami\u00f5es pesados com as formas de condu\u00e7\u00e3o e cobertura de pot\u00eancia mais completas na ind\u00fastria de cami\u00f5es pesados do meu pa\u00eds. A Sinotruk adere ao valor central de \"a satisfa\u00e7\u00e3o do cliente \u00e9 o nosso objetivo\" e assume \"a constru\u00e7\u00e3o de um grupo de ve\u00edculos comerciais de classe mundial de gama completa\" como a sua vis\u00e3o empresarial. Acelera o ritmo da inova\u00e7\u00e3o independente, continua a aumentar o investimento em I&amp;D, introduz talentos t\u00e9cnicos de topo, cria uma ecologia empresarial e cria uma imagem de marca nacional independente de topo de gama de \"equipamento pesado de um grande pa\u00eds\".<\/p>\n<p>HOWO(H\u00e0o W\u00f2 em chin\u00eas), conhecido como \"H\u00e0o Lu\u00f2\"(\u8c6a\u6cfa) em documentos formais, \u00e9 um modelo de cami\u00e3o pesado produzido pela Jinan Truck Co., Ltd. da China National Heavy Duty Truck Group Co., Ltd. A marca \u00e9 comummente referida como \"H\u00e0o W\u00f2\" no discurso quotidiano, embora o seu nome oficial seja \"H\u00e0o Lu\u00f2\". A marca HOWO \u00e9 utilizada em ve\u00edculos de exporta\u00e7\u00e3o.<\/p>\n<p><img loading=\"lazy\" decoding=\"async\" class=\"aligncenter size-full wp-image-485\" src=\"http:\/\/www.cnhtcgroup.com\/wp-content\/uploads\/2024\/09\/Brand-strategy.jpg\" alt=\"\" width=\"1510\" height=\"350\" srcset=\"https:\/\/www.cnhtcgroup.com\/wp-content\/uploads\/2024\/09\/Brand-strategy.jpg 1510w, https:\/\/www.cnhtcgroup.com\/wp-content\/uploads\/2024\/09\/Brand-strategy-300x70.jpg 300w, https:\/\/www.cnhtcgroup.com\/wp-content\/uploads\/2024\/09\/Brand-strategy-1024x237.jpg 1024w, https:\/\/www.cnhtcgroup.com\/wp-content\/uploads\/2024\/09\/Brand-strategy-768x178.jpg 768w\" sizes=\"auto, (max-width: 1510px) 100vw, 1510px\" \/><\/p>","protected":false},"excerpt":{"rendered":"<p>A China National Heavy Duty Truck Group Co., Ltd. (a seguir designada por \"Sinotruk\") era anteriormente a f\u00e1brica de autom\u00f3veis de Jinan, fundada em 1930. Tem uma hist\u00f3ria de desenvolvimento de marca de quase 100 anos e um profundo patrim\u00f3nio de marca. Testemunhou o salto hist\u00f3rico da ind\u00fastria autom\u00f3vel pesada nacional a partir do zero, de [...]<\/p>","protected":false},"author":1,"featured_media":0,"parent":133,"menu_order":52,"comment_status":"closed","ping_status":"closed","template":"pinpaidanye.php","meta":{"_acf_changed":false,"footnotes":""},"class_list":["post-137","page","type-page","status-publish","hentry"],"acf":[],"_links":{"self":[{"href":"https:\/\/www.cnhtcgroup.com\/pt\/wp-json\/wp\/v2\/pages\/137","targetHints":{"allow":["GET"]}}],"collection":[{"href":"https:\/\/www.cnhtcgroup.com\/pt\/wp-json\/wp\/v2\/pages"}],"about":[{"href":"https:\/\/www.cnhtcgroup.com\/pt\/wp-json\/wp\/v2\/types\/page"}],"author":[{"embeddable":true,"href":"https:\/\/www.cnhtcgroup.com\/pt\/wp-json\/wp\/v2\/users\/1"}],"replies":[{"embeddable":true,"href":"https:\/\/www.cnhtcgroup.com\/pt\/wp-json\/wp\/v2\/comments?post=137"}],"version-history":[{"count":8,"href":"https:\/\/www.cnhtcgroup.com\/pt\/wp-json\/wp\/v2\/pages\/137\/revisions"}],"predecessor-version":[{"id":1379,"href":"https:\/\/www.cnhtcgroup.com\/pt\/wp-json\/wp\/v2\/pages\/137\/revisions\/1379"}],"up":[{"embeddable":true,"href":"https:\/\/www.cnhtcgroup.com\/pt\/wp-json\/wp\/v2\/pages\/133"}],"wp:attachment":[{"href":"https:\/\/www.cnhtcgroup.com\/pt\/wp-json\/wp\/v2\/media?parent=137"}],"curies":[{"name":"wp","href":"https:\/\/api.w.org\/{rel}","templated":true}]}}