{"id":1300,"date":"2024-11-21T14:29:46","date_gmt":"2024-11-21T06:29:46","guid":{"rendered":"https:\/\/www.cnhtcgroup.com\/?page_id=1300"},"modified":"2024-11-21T14:29:46","modified_gmt":"2024-11-21T06:29:46","slug":"togo","status":"publish","type":"page","link":"https:\/\/www.cnhtcgroup.com\/pt\/togo\/","title":{"rendered":"Togo"},"content":{"rendered":"<p>O Togo \u00e9 o mercado de exporta\u00e7\u00e3o mais importante para <a href=\"https:\/\/www.cnhtcgroup.com\/pt\/\" data-internallinksmanager029f6b8e52c=\"1\" title=\"sinotruque\">SINOTRUK<\/a>. A SINOTRUK exportou para mais de 110 pa\u00edses e tamb\u00e9m estabeleceu uma sucursal no Togo para fornecer um servi\u00e7o p\u00f3s-venda abrangente.<\/p>\n<p>Voc\u00ea pode encomendar diretamente caminh\u00f5es pesados da China a pre\u00e7os favor\u00e1veis e alta rela\u00e7\u00e3o custo-efic\u00e1cia, e pode personalizar de acordo com sua exig\u00eancia, temos mais de dez anos de experi\u00eancia em exporta\u00e7\u00e3o.<\/p>","protected":false},"excerpt":{"rendered":"<p>O Togo \u00e9 o mercado de exporta\u00e7\u00e3o mais importante para a SINOTRUK. SINOTRUK tem exportado para mais de 110 pa\u00edses, e n\u00f3s tamb\u00e9m estabelecemos uma filial no Togo para fornecer um servi\u00e7o p\u00f3s-venda abrangente. Voc\u00ea pode encomendar diretamente caminh\u00f5es pesados da China a pre\u00e7os favor\u00e1veis e alta rela\u00e7\u00e3o custo-efic\u00e1cia, e pode personalizar de acordo com sua exig\u00eancia, temos mais de dez [...]<\/p>","protected":false},"author":1,"featured_media":0,"parent":0,"menu_order":27,"comment_status":"closed","ping_status":"closed","template":"guojiadanye.php","meta":{"_acf_changed":false,"footnotes":""},"class_list":["post-1300","page","type-page","status-publish","hentry"],"acf":[],"_links":{"self":[{"href":"https:\/\/www.cnhtcgroup.com\/pt\/wp-json\/wp\/v2\/pages\/1300","targetHints":{"allow":["GET"]}}],"collection":[{"href":"https:\/\/www.cnhtcgroup.com\/pt\/wp-json\/wp\/v2\/pages"}],"about":[{"href":"https:\/\/www.cnhtcgroup.com\/pt\/wp-json\/wp\/v2\/types\/page"}],"author":[{"embeddable":true,"href":"https:\/\/www.cnhtcgroup.com\/pt\/wp-json\/wp\/v2\/users\/1"}],"replies":[{"embeddable":true,"href":"https:\/\/www.cnhtcgroup.com\/pt\/wp-json\/wp\/v2\/comments?post=1300"}],"version-history":[{"count":1,"href":"https:\/\/www.cnhtcgroup.com\/pt\/wp-json\/wp\/v2\/pages\/1300\/revisions"}],"predecessor-version":[{"id":1301,"href":"https:\/\/www.cnhtcgroup.com\/pt\/wp-json\/wp\/v2\/pages\/1300\/revisions\/1301"}],"wp:attachment":[{"href":"https:\/\/www.cnhtcgroup.com\/pt\/wp-json\/wp\/v2\/media?parent=1300"}],"curies":[{"name":"wp","href":"https:\/\/api.w.org\/{rel}","templated":true}]}}