{"id":1202,"date":"2024-10-09T22:02:22","date_gmt":"2024-10-09T14:02:22","guid":{"rendered":"https:\/\/www.cnhtcgroup.com\/?page_id=1202"},"modified":"2024-10-09T22:20:16","modified_gmt":"2024-10-09T14:20:16","slug":"sitrak","status":"publish","type":"page","link":"https:\/\/www.cnhtcgroup.com\/pt\/sitrak\/","title":{"rendered":"Sitrak"},"content":{"rendered":"<p><a href=\"https:\/\/www.cnhtcgroup.com\/pt\/sitrak\/\" data-internallinksmanager029f6b8e52c=\"3\" title=\"Sitrak\" target=\"_blank\" rel=\"noopener\">SITRAK<\/a> \u00e9 uma marca topo de gama da SINOTRUK, uma colabora\u00e7\u00e3o entre <a href=\"https:\/\/www.cnhtcgroup.com\/pt\/\" data-internallinksmanager029f6b8e52c=\"1\" title=\"sinotruque\">SINOTRUK<\/a> e alem\u00e3. \u00c9 constitu\u00edda por uma t\u00e9cnica puramente europeia e possui a mais avan\u00e7ada tecnologia de cami\u00f5es e uma excelente qualidade de produto.<\/p>","protected":false},"excerpt":{"rendered":"<p>SITRAK \u00e9 uma marca topo de gama da SINOTRUK, uma colabora\u00e7\u00e3o entre a SINOTRUK e a empresa alem\u00e3. \u00c9 constitu\u00edda por uma t\u00e9cnica puramente europeia e possui a mais avan\u00e7ada tecnologia de cami\u00f5es e uma excelente qualidade de produto.<\/p>","protected":false},"author":1,"featured_media":0,"parent":0,"menu_order":33,"comment_status":"closed","ping_status":"closed","template":"chexidanye.php","meta":{"_acf_changed":false,"footnotes":""},"class_list":["post-1202","page","type-page","status-publish","hentry"],"acf":[],"_links":{"self":[{"href":"https:\/\/www.cnhtcgroup.com\/pt\/wp-json\/wp\/v2\/pages\/1202","targetHints":{"allow":["GET"]}}],"collection":[{"href":"https:\/\/www.cnhtcgroup.com\/pt\/wp-json\/wp\/v2\/pages"}],"about":[{"href":"https:\/\/www.cnhtcgroup.com\/pt\/wp-json\/wp\/v2\/types\/page"}],"author":[{"embeddable":true,"href":"https:\/\/www.cnhtcgroup.com\/pt\/wp-json\/wp\/v2\/users\/1"}],"replies":[{"embeddable":true,"href":"https:\/\/www.cnhtcgroup.com\/pt\/wp-json\/wp\/v2\/comments?post=1202"}],"version-history":[{"count":7,"href":"https:\/\/www.cnhtcgroup.com\/pt\/wp-json\/wp\/v2\/pages\/1202\/revisions"}],"predecessor-version":[{"id":1227,"href":"https:\/\/www.cnhtcgroup.com\/pt\/wp-json\/wp\/v2\/pages\/1202\/revisions\/1227"}],"wp:attachment":[{"href":"https:\/\/www.cnhtcgroup.com\/pt\/wp-json\/wp\/v2\/media?parent=1202"}],"curies":[{"name":"wp","href":"https:\/\/api.w.org\/{rel}","templated":true}]}}