{"id":1184,"date":"2024-09-30T20:41:05","date_gmt":"2024-09-30T12:41:05","guid":{"rendered":"https:\/\/www.cnhtcgroup.com\/?page_id=1184"},"modified":"2024-12-02T18:53:37","modified_gmt":"2024-12-02T10:53:37","slug":"howo-tx-series","status":"publish","type":"page","link":"https:\/\/www.cnhtcgroup.com\/pt\/howo-tx-series\/","title":{"rendered":"S\u00c9RIE HOWO TX"},"content":{"rendered":"<p><a href=\"https:\/\/www.cnhtcgroup.com\/pt\/\" data-internallinksmanager029f6b8e52c=\"1\" title=\"sinotruque\">SINOTRUK<\/a> foi totalmente atualizado <a href=\"https:\/\/www.cnhtcgroup.com\/pt\/\" data-internallinksmanager029f6b8e52c=\"8\" title=\"howo\">COMO<\/a> de acordo com mais de uma d\u00e9cada de experi\u00eancia operacional bem-sucedida. Com base nas suas vantagens e carater\u00edsticas existentes e atrav\u00e9s da combina\u00e7\u00e3o, atualiza\u00e7\u00e3o e transforma\u00e7\u00e3o da tecnologia alem\u00e3 e da tecnologia baseada em SINOTRUK, um novo modelo da s\u00e9rie TX da fam\u00edlia de produtos HOWO \u00e9 lan\u00e7ado no mercado em 2020<\/p>","protected":false},"excerpt":{"rendered":"<p>A SINOTRUK actualizou completamente o modelo HOWO de acordo com mais de uma d\u00e9cada de experi\u00eancia operacional bem-sucedida. Com base nas suas vantagens e carater\u00edsticas existentes e atrav\u00e9s da combina\u00e7\u00e3o, atualiza\u00e7\u00e3o e transforma\u00e7\u00e3o da tecnologia alem\u00e3 e da tecnologia baseada na SINOTRUK, um novo modelo da s\u00e9rie TX da fam\u00edlia de produtos HOWO \u00e9 lan\u00e7ado no mercado em 2020<\/p>","protected":false},"author":1,"featured_media":0,"parent":0,"menu_order":34,"comment_status":"closed","ping_status":"closed","template":"chexidanye.php","meta":{"_acf_changed":false,"footnotes":""},"class_list":["post-1184","page","type-page","status-publish","hentry"],"acf":[],"_links":{"self":[{"href":"https:\/\/www.cnhtcgroup.com\/pt\/wp-json\/wp\/v2\/pages\/1184","targetHints":{"allow":["GET"]}}],"collection":[{"href":"https:\/\/www.cnhtcgroup.com\/pt\/wp-json\/wp\/v2\/pages"}],"about":[{"href":"https:\/\/www.cnhtcgroup.com\/pt\/wp-json\/wp\/v2\/types\/page"}],"author":[{"embeddable":true,"href":"https:\/\/www.cnhtcgroup.com\/pt\/wp-json\/wp\/v2\/users\/1"}],"replies":[{"embeddable":true,"href":"https:\/\/www.cnhtcgroup.com\/pt\/wp-json\/wp\/v2\/comments?post=1184"}],"version-history":[{"count":6,"href":"https:\/\/www.cnhtcgroup.com\/pt\/wp-json\/wp\/v2\/pages\/1184\/revisions"}],"predecessor-version":[{"id":1532,"href":"https:\/\/www.cnhtcgroup.com\/pt\/wp-json\/wp\/v2\/pages\/1184\/revisions\/1532"}],"wp:attachment":[{"href":"https:\/\/www.cnhtcgroup.com\/pt\/wp-json\/wp\/v2\/media?parent=1184"}],"curies":[{"name":"wp","href":"https:\/\/api.w.org\/{rel}","templated":true}]}}