{"id":1140,"date":"2024-09-30T16:28:01","date_gmt":"2024-09-30T08:28:01","guid":{"rendered":"https:\/\/www.cnhtcgroup.com\/?page_id=1140"},"modified":"2024-09-30T20:15:07","modified_gmt":"2024-09-30T12:15:07","slug":"howo-n-series","status":"publish","type":"page","link":"https:\/\/www.cnhtcgroup.com\/pt\/howo-n-series\/","title":{"rendered":"S\u00c9RIE HOWO-N"},"content":{"rendered":"<p><a href=\"https:\/\/www.cnhtcgroup.com\/pt\/\" data-internallinksmanager029f6b8e52c=\"8\" title=\"howo\">COMO<\/a>-N \u00e9 um produto rent\u00e1vel para cami\u00f5es pesados lan\u00e7ado pela <a href=\"https:\/\/www.cnhtcgroup.com\/pt\/\" data-internallinksmanager029f6b8e52c=\"1\" title=\"sinotruque\">SINOTRUK<\/a>que adopta conceitos de conce\u00e7\u00e3o normalizados, modulares e leves e apresenta um bom conforto, fiabilidade e economia.<\/p>","protected":false},"excerpt":{"rendered":"<p>HOWO-N \u00e9 um produto de cami\u00e3o pesado rent\u00e1vel lan\u00e7ado pela SINOTRUK, que adopta conceitos de design padronizados, modulares e leves e tem bom conforto, fiabilidade e economia.<\/p>","protected":false},"author":1,"featured_media":0,"parent":0,"menu_order":35,"comment_status":"closed","ping_status":"closed","template":"chexidanye.php","meta":{"_acf_changed":false,"footnotes":""},"class_list":["post-1140","page","type-page","status-publish","hentry"],"acf":[],"_links":{"self":[{"href":"https:\/\/www.cnhtcgroup.com\/pt\/wp-json\/wp\/v2\/pages\/1140","targetHints":{"allow":["GET"]}}],"collection":[{"href":"https:\/\/www.cnhtcgroup.com\/pt\/wp-json\/wp\/v2\/pages"}],"about":[{"href":"https:\/\/www.cnhtcgroup.com\/pt\/wp-json\/wp\/v2\/types\/page"}],"author":[{"embeddable":true,"href":"https:\/\/www.cnhtcgroup.com\/pt\/wp-json\/wp\/v2\/users\/1"}],"replies":[{"embeddable":true,"href":"https:\/\/www.cnhtcgroup.com\/pt\/wp-json\/wp\/v2\/comments?post=1140"}],"version-history":[{"count":13,"href":"https:\/\/www.cnhtcgroup.com\/pt\/wp-json\/wp\/v2\/pages\/1140\/revisions"}],"predecessor-version":[{"id":1183,"href":"https:\/\/www.cnhtcgroup.com\/pt\/wp-json\/wp\/v2\/pages\/1140\/revisions\/1183"}],"wp:attachment":[{"href":"https:\/\/www.cnhtcgroup.com\/pt\/wp-json\/wp\/v2\/media?parent=1140"}],"curies":[{"name":"wp","href":"https:\/\/api.w.org\/{rel}","templated":true}]}}