{"id":3,"date":"2024-08-27T14:08:14","date_gmt":"2024-08-27T06:08:14","guid":{"rendered":"http:\/\/www.cnhtcgroup.com\/?page_id=3"},"modified":"2024-10-17T11:41:00","modified_gmt":"2024-10-17T03:41:00","slug":"privacy-policy","status":"publish","type":"page","link":"https:\/\/www.cnhtcgroup.com\/fr\/privacy-policy\/","title":{"rendered":"Politique de confidentialit\u00e9"},"content":{"rendered":"<p><strong>Introduction<\/strong><\/p>\n<p>Bienvenue sur le site www.cnhtcgroup.com (ci-apr\u00e8s d\u00e9nomm\u00e9 \"ce site web\"). La pr\u00e9sente politique de confidentialit\u00e9 d\u00e9crit la mani\u00e8re dont nous recueillons, utilisons, prot\u00e9geons et traitons vos informations personnelles. Nous nous engageons \u00e0 respecter et \u00e0 prot\u00e9ger vos droits en mati\u00e8re de protection de la vie priv\u00e9e.<\/p>\n<p><strong>Collecte d'informations<\/strong><\/p>\n<p>Nous pouvons recueillir vos informations personnelles par le biais de formulaires en ligne, de fen\u00eatres contextuelles de contact ou d'autres plateformes interactives, y compris, mais sans s'y limiter, votre nom, vos coordonn\u00e9es et votre adresse \u00e9lectronique. Nous nous engageons \u00e0 ne collecter que les informations n\u00e9cessaires \u00e0 la fourniture des services sur ce site web.<\/p>\n<p><strong>Utilisation des informations<\/strong><\/p>\n<p>Nous utilisons les informations collect\u00e9es pour r\u00e9pondre aux demandes de renseignements, am\u00e9liorer nos services, assurer la maintenance du site web et pour d'autres raisons commerciales explicitement mentionn\u00e9es. Nous n'utiliserons pas vos informations \u00e0 d'autres fins sans votre consentement.<\/p>\n<p><strong>Protection de l'information<\/strong><\/p>\n<p>Nous prenons des mesures physiques, \u00e9lectroniques et administratives raisonnables pour prot\u00e9ger vos informations contre tout acc\u00e8s non autoris\u00e9, toute divulgation ou toute utilisation abusive. Ces mesures comprennent l'utilisation de la technologie de cryptage Secure Sockets Layer (SSL) pour prot\u00e9ger les donn\u00e9es pendant leur transmission.<\/p>\n<p><strong>Divulgation \u00e0 des tiers<\/strong><\/p>\n<p>Dans des circonstances normales, nous ne partageons pas vos informations personnelles avec des tiers, sauf si cela est n\u00e9cessaire pour fournir les services que vous demandez, pour se conformer aux exigences l\u00e9gales ou avec votre consentement explicite.<\/p>\n<p><strong>Consentement<\/strong><\/p>\n<p>En utilisant ce site web, vous indiquez que vous acceptez les termes de la pr\u00e9sente politique de confidentialit\u00e9. Il se peut que nous demandions votre consentement explicite pour certaines activit\u00e9s, par exemple lors de la collecte d'informations sensibles.<\/p>\n<p><strong>Mises \u00e0 jour de la politique<\/strong><\/p>\n<p>Nous pouvons mettre \u00e0 jour la pr\u00e9sente politique de confidentialit\u00e9 p\u00e9riodiquement. Toutes les mises \u00e0 jour seront publi\u00e9es sur cette page avec la date de la mise \u00e0 jour. Nous encourageons les utilisateurs \u00e0 consulter r\u00e9guli\u00e8rement cette politique afin de comprendre nos pratiques en mati\u00e8re de protection de la vie priv\u00e9e.<\/p>\n<p><strong>Utilisation des cookies<\/strong><\/p>\n<p>Ce site web utilise des cookies pour suivre vos activit\u00e9s sur le site, enregistrer vos pr\u00e9f\u00e9rences et vous offrir une exp\u00e9rience plus personnalis\u00e9e.<\/p>\n<p><strong>Contr\u00f4le de l'utilisateur<\/strong><\/p>\n<p>Vous pouvez g\u00e9rer ou supprimer les cookies en ajustant les param\u00e8tres de votre navigateur. Pour savoir comment proc\u00e9der, reportez-vous \u00e0 la documentation d'aide de votre navigateur ou visitez les sites web concern\u00e9s.<\/p>\n<p><strong>Cookies de tiers<\/strong><\/p>\n<p>Ce site web utilise des services tiers pour fournir des analyses et d'autres fonctions. Ces services peuvent utiliser des cookies et sont soumis \u00e0 leurs politiques de confidentialit\u00e9 respectives.<\/p>","protected":false},"excerpt":{"rendered":"<p>Introduction Bienvenue sur le site www.cnhtcgroup.com (ci-apr\u00e8s d\u00e9nomm\u00e9 \"ce site web\"). La pr\u00e9sente politique de confidentialit\u00e9 d\u00e9crit la mani\u00e8re dont nous recueillons, utilisons, prot\u00e9geons et traitons vos informations personnelles. Nous nous engageons \u00e0 respecter et \u00e0 prot\u00e9ger votre droit \u00e0 la vie priv\u00e9e. Collecte d'informations Nous pouvons collecter vos informations personnelles par le biais de formulaires en ligne, de fen\u00eatres contextuelles de contact ou d'autres plateformes interactives, y compris, mais sans s'y limiter [...]<\/p>","protected":false},"author":1,"featured_media":0,"parent":0,"menu_order":1,"comment_status":"closed","ping_status":"open","template":"gongsidanye.php","meta":{"_acf_changed":false,"footnotes":""},"class_list":["post-3","page","type-page","status-publish","hentry"],"acf":[],"_links":{"self":[{"href":"https:\/\/www.cnhtcgroup.com\/fr\/wp-json\/wp\/v2\/pages\/3","targetHints":{"allow":["GET"]}}],"collection":[{"href":"https:\/\/www.cnhtcgroup.com\/fr\/wp-json\/wp\/v2\/pages"}],"about":[{"href":"https:\/\/www.cnhtcgroup.com\/fr\/wp-json\/wp\/v2\/types\/page"}],"author":[{"embeddable":true,"href":"https:\/\/www.cnhtcgroup.com\/fr\/wp-json\/wp\/v2\/users\/1"}],"replies":[{"embeddable":true,"href":"https:\/\/www.cnhtcgroup.com\/fr\/wp-json\/wp\/v2\/comments?post=3"}],"version-history":[{"count":3,"href":"https:\/\/www.cnhtcgroup.com\/fr\/wp-json\/wp\/v2\/pages\/3\/revisions"}],"predecessor-version":[{"id":1239,"href":"https:\/\/www.cnhtcgroup.com\/fr\/wp-json\/wp\/v2\/pages\/3\/revisions\/1239"}],"wp:attachment":[{"href":"https:\/\/www.cnhtcgroup.com\/fr\/wp-json\/wp\/v2\/media?parent=3"}],"curies":[{"name":"wp","href":"https:\/\/api.w.org\/{rel}","templated":true}]}}