{"id":151,"date":"2024-08-28T21:25:07","date_gmt":"2024-08-28T13:25:07","guid":{"rendered":"http:\/\/www.cnhtcgroup.com\/?page_id=151"},"modified":"2024-11-27T13:10:08","modified_gmt":"2024-11-27T05:10:08","slug":"company-culture","status":"publish","type":"page","link":"https:\/\/www.cnhtcgroup.com\/fr\/company\/company-culture\/","title":{"rendered":"Culture d'entreprise"},"content":{"rendered":"<p><img loading=\"lazy\" decoding=\"async\" class=\"aligncenter size-full wp-image-1388\" src=\"http:\/\/www.cnhtcgroup.com\/wp-content\/uploads\/2024\/11\/employee-value.jpg\" alt=\"valeur des employ\u00e9s\" width=\"762\" height=\"727\" srcset=\"https:\/\/www.cnhtcgroup.com\/wp-content\/uploads\/2024\/11\/employee-value.jpg 762w, https:\/\/www.cnhtcgroup.com\/wp-content\/uploads\/2024\/11\/employee-value-300x286.jpg 300w\" sizes=\"auto, (max-width: 762px) 100vw, 762px\" \/><\/p>\n<p><img loading=\"lazy\" decoding=\"async\" class=\"aligncenter size-full wp-image-1389\" src=\"http:\/\/www.cnhtcgroup.com\/wp-content\/uploads\/2024\/11\/employee-value2.jpg\" alt=\"valeur des employ\u00e9s\" width=\"764\" height=\"315\" srcset=\"https:\/\/www.cnhtcgroup.com\/wp-content\/uploads\/2024\/11\/employee-value2.jpg 764w, https:\/\/www.cnhtcgroup.com\/wp-content\/uploads\/2024\/11\/employee-value2-300x124.jpg 300w\" sizes=\"auto, (max-width: 764px) 100vw, 764px\" \/><\/p>\n<p><strong>. Valeurs fondamentales<\/strong><br \/>\nLa satisfaction du client est notre objectif<\/p>\n<p><strong>. Concept de base<\/strong><br \/>\nResponsabilit\u00e9, innovation, communication, inclusion<\/p>\n<p><strong>. Culture passionn\u00e9e<\/strong><br \/>\nToujours chercher la premi\u00e8re place<\/p>\n<p><strong>. Culture d'ex\u00e9cution<\/strong><br \/>\nResponsable de l'ex\u00e9cution du travail, ex\u00e9cution du travail sur place<\/p>\n<p><strong>. Responsabilit\u00e9 professionnelle Culture<\/strong><br \/>\nJe fabrique des produits, je les garantis aux clients<\/p>\n<p><strong>. L'esprit d'une instruction<\/strong><br \/>\nS'attaquer \u00e0 l'essentiel sans se laisser distraire<\/p>\n<p>Au <a href=\"https:\/\/www.cnhtcgroup.com\/fr\/\" data-internallinksmanager029f6b8e52c=\"1\" title=\"sinotruk\">SINOTRUK<\/a>Chaque employ\u00e9 est valoris\u00e9 et trait\u00e9 avec respect ;<\/p>\n<p>Nous recrutons des professionnels d'\u00e9lite dans le monde entier, offrant un environnement de travail ouvert et inclusif ainsi qu'un large \u00e9ventail de possibilit\u00e9s d'\u00e9volution de carri\u00e8re ;<\/p>\n<p>Nous travaillons main dans la main avec nos employ\u00e9s pour cr\u00e9er de la valeur et partager les fruits de notre croissance collective.<\/p>","protected":false},"excerpt":{"rendered":"<p>. Valeurs fondamentales La satisfaction du client est notre objectif . Concept de base Responsabilit\u00e9, Innovation, Communication, Inclusion . Culture de la passion Toujours viser la premi\u00e8re place . Culture de l'ex\u00e9cution \u00catre responsable du travail, faire le travail sur place . Culture de la responsabilit\u00e9 professionnelle Je fabrique des produits, je garantis aux clients. Esprit d'une instruction Attaquer les principaux [...]<\/p>","protected":false},"author":1,"featured_media":0,"parent":145,"menu_order":46,"comment_status":"closed","ping_status":"closed","template":"gongsidanye.php","meta":{"_acf_changed":false,"footnotes":""},"class_list":["post-151","page","type-page","status-publish","hentry"],"acf":[],"_links":{"self":[{"href":"https:\/\/www.cnhtcgroup.com\/fr\/wp-json\/wp\/v2\/pages\/151","targetHints":{"allow":["GET"]}}],"collection":[{"href":"https:\/\/www.cnhtcgroup.com\/fr\/wp-json\/wp\/v2\/pages"}],"about":[{"href":"https:\/\/www.cnhtcgroup.com\/fr\/wp-json\/wp\/v2\/types\/page"}],"author":[{"embeddable":true,"href":"https:\/\/www.cnhtcgroup.com\/fr\/wp-json\/wp\/v2\/users\/1"}],"replies":[{"embeddable":true,"href":"https:\/\/www.cnhtcgroup.com\/fr\/wp-json\/wp\/v2\/comments?post=151"}],"version-history":[{"count":6,"href":"https:\/\/www.cnhtcgroup.com\/fr\/wp-json\/wp\/v2\/pages\/151\/revisions"}],"predecessor-version":[{"id":1390,"href":"https:\/\/www.cnhtcgroup.com\/fr\/wp-json\/wp\/v2\/pages\/151\/revisions\/1390"}],"up":[{"embeddable":true,"href":"https:\/\/www.cnhtcgroup.com\/fr\/wp-json\/wp\/v2\/pages\/145"}],"wp:attachment":[{"href":"https:\/\/www.cnhtcgroup.com\/fr\/wp-json\/wp\/v2\/media?parent=151"}],"curies":[{"name":"wp","href":"https:\/\/api.w.org\/{rel}","templated":true}]}}