{"id":147,"date":"2024-08-28T21:20:55","date_gmt":"2024-08-28T13:20:55","guid":{"rendered":"http:\/\/www.cnhtcgroup.com\/?page_id=147"},"modified":"2024-12-13T15:40:42","modified_gmt":"2024-12-13T07:40:42","slug":"company-introduction","status":"publish","type":"page","link":"https:\/\/www.cnhtcgroup.com\/fr\/company\/company-introduction\/","title":{"rendered":"Pr\u00e9sentation de l'entreprise"},"content":{"rendered":"<p><img loading=\"lazy\" decoding=\"async\" class=\"aligncenter size-large wp-image-1405\" src=\"http:\/\/www.cnhtcgroup.com\/wp-content\/uploads\/2024\/11\/Serving-Customers-Worldwide-1024x649.webp\" alt=\"\" width=\"1024\" height=\"649\" srcset=\"https:\/\/www.cnhtcgroup.com\/wp-content\/uploads\/2024\/11\/Serving-Customers-Worldwide-1024x649.webp 1024w, https:\/\/www.cnhtcgroup.com\/wp-content\/uploads\/2024\/11\/Serving-Customers-Worldwide-300x190.webp 300w, https:\/\/www.cnhtcgroup.com\/wp-content\/uploads\/2024\/11\/Serving-Customers-Worldwide-768x487.webp 768w, https:\/\/www.cnhtcgroup.com\/wp-content\/uploads\/2024\/11\/Serving-Customers-Worldwide.webp 1170w\" sizes=\"auto, (max-width: 1024px) 100vw, 1024px\" \/><\/p>\n<h3>Qui sommes-nous ?<\/h3>\n<p><a href=\"https:\/\/www.cnhtcgroup.com\/fr\/\" data-internallinksmanager029f6b8e52c=\"1\" title=\"sinotruk\">SINOTRUK<\/a> Jinan Special Automobile Co. est une filiale \u00e0 100 % de SINOTRUK et une base de camions r\u00e9am\u00e9nag\u00e9s de SINOTRUK \u00e0 Jinan, qui int\u00e8gre la R&amp;D, la production et la vente de divers v\u00e9hicules \u00e0 usage sp\u00e9cial.<\/p>\n<h3>Sinotruk Introduction<\/h3>\n<p>China National Heavy Duty Truck Group Co, Ltd (ci-apr\u00e8s d\u00e9nomm\u00e9 \"SINOTRUK\") \u00e9tait auparavant connu sous le nom de Jinan Automobile Manufacturing Plant. (ci-apr\u00e8s d\u00e9nomm\u00e9e \"SINOTRUK\") \u00e9tait auparavant connue sous le nom de Jinan Automobile Manufacturing Plant. <a href=\"https:\/\/www.cnhtcgroup.com\/fr\/company\/development-history\/\">fond\u00e9e en 1930<\/a> et est le berceau de l'industrie automobile lourde de mon pays. En 1960, la premi\u00e8re voiture lourde chinoise, le camion de huit tonnes JN150 de la marque Yellow River, a \u00e9t\u00e9 fabriqu\u00e9e, mettant fin \u00e0 l'incapacit\u00e9 de la Chine \u00e0 produire des voitures lourdes. Le 4 mai de la m\u00eame ann\u00e9e, le pr\u00e9sident Mao Zedong s'est rendu \u00e0 Jinan, a visit\u00e9 le prototype et lui a donn\u00e9 une excellente \u00e9valuation. Le 11 janvier 1966, le pr\u00e9sident Zhu De a personnellement \u00e9crit le mot \"Fleuve Jaune\" pour ce prototype. Au d\u00e9but de l'\u00e9dification du socialisme, le v\u00e9hicule \"Fleuve Jaune\" \u00e9tait connu dans tout le pays, il a contribu\u00e9 de mani\u00e8re significative au d\u00e9veloppement de l'\u00e9conomie nationale et \u00e0 la construction de la d\u00e9fense nationale, et il est devenu l'une des r\u00e9alisations embl\u00e9matiques de l'autonomie et du travail acharn\u00e9 de la nation chinoise. En 1983, sous l'\u00e9gide du camarade Deng Xiaoping, le projet autrichien Steyr de v\u00e9hicules utilitaires lourds a \u00e9t\u00e9 lanc\u00e9 avec succ\u00e8s, faisant de Steyr la premi\u00e8re entreprise nationale \u00e0 introduire pleinement la technologie \u00e9trang\u00e8re de fabrication de v\u00e9hicules utilitaires lourds complets. Le nom \"Steyr\" est devenu synonyme des poids lourds de mon pays.<\/p>\n<p>En 2007, l'entreprise a r\u00e9ussi \u00e0 s'inscrire sur le march\u00e9 principal de Hong Kong, devenant ainsi la premi\u00e8re entreprise cot\u00e9e en bourse dans l'industrie manufacturi\u00e8re de mon pays, et construisant initialement une plateforme de d\u00e9veloppement international. En 2004, la nouvelle g\u00e9n\u00e9ration de camions lourds d\u00e9velopp\u00e9s ind\u00e9pendamment par <a href=\"https:\/\/www.cnhtcgroup.com\/fr\/\" data-internallinksmanager029f6b8e52c=\"8\" title=\"howo\">HOWO<\/a> a vu le jour et a \u00e9t\u00e9 lanc\u00e9 sur le march\u00e9 en 2005, atteignant la production et la vente de plus de 10 000 v\u00e9hicules cette ann\u00e9e-l\u00e0, \u00e9tablissant un nouveau record dans l'histoire des poids lourds chinois \u00e0 cette \u00e9poque. En 2013, la s\u00e9rie de produits Shantek avec des droits de propri\u00e9t\u00e9 intellectuelle ind\u00e9pendants a \u00e9t\u00e9 officiellement lanc\u00e9e sur le march\u00e9, menant le d\u00e9veloppement de l'industrie automobile nationale des poids lourds. En 2020, une nouvelle g\u00e9n\u00e9ration de poids lourds haut de gamme de la marque nationale \"Fleuve Jaune\" sera lanc\u00e9e dans le monde entier, ce qui permettra aux poids lourds chinois de devenir des v\u00e9hicules de classe mondiale.<\/p>\n<p>SINOTRUK d\u00e9veloppe, produit et vend principalement divers camions, v\u00e9hicules sp\u00e9ciaux, v\u00e9hicules \u00e0 usage sp\u00e9cifique, ainsi que des assemblages et des pi\u00e8ces automobiles telles que des moteurs, des bo\u00eetes de vitesses et des essieux. Elle dispose d'une gamme compl\u00e8te de marques de v\u00e9hicules commerciaux telles que Yellow River, Shantek et HOWO. C'est l'une des entreprises de poids lourds qui offre la gamme la plus compl\u00e8te de formes d'entra\u00eenement et de puissance dans l'industrie des poids lourds de mon pays. Elle poss\u00e8de trois soci\u00e9t\u00e9s cot\u00e9es en bourse, \u00e0 savoir Sinotruk (Hong Kong) Co. (soci\u00e9t\u00e9 cot\u00e9e en bourse \u00e0 Hong Kong), Sinotruk Jinan Truck Co. (soci\u00e9t\u00e9 cot\u00e9e en bourse \u00e0 Shenzhen) et Zhongtong Bus Co. (soci\u00e9t\u00e9 cot\u00e9e en bourse \u00e0 Shenzhen). Ses produits sont export\u00e9s dans plus de 110 pays et r\u00e9gions, repr\u00e9sentant la moiti\u00e9 des exportations de poids lourds de mon pays.<\/p>\n<p>Sinotruk a pour vision d'entreprise \"la construction d'un groupe de v\u00e9hicules commerciaux complets de classe mondiale\", acc\u00e9l\u00e8re le rythme de l'innovation ind\u00e9pendante, augmente continuellement les investissements en R&amp;D, introduit des talents techniques de haut niveau, cr\u00e9e une \u00e9cologie entrepreneuriale et construit une marque nationale ind\u00e9pendante de haut niveau. Sinotruk poss\u00e8de le premier groupe de centres technologiques d'entreprise reconnus au niveau national, le premier centre national de recherche technologique sur les v\u00e9hicules lourds et le premier centre national de supervision et d'inspection de la qualit\u00e9 des v\u00e9hicules lourds du pays. Il dispose de capacit\u00e9s compl\u00e8tes de R&amp;D et de test pour les v\u00e9hicules complets, les moteurs, les pi\u00e8ces, les mat\u00e9riaux et les processus, ainsi que de divers \u00e9quipements de haute pr\u00e9cision pour le traitement, le test et l'essai. Les niveaux d'inspection et d'essai des vibrations, des tests de r\u00e9sistance et d'autres inspections des moteurs, des v\u00e9hicules complets et des pi\u00e8ces d\u00e9tach\u00e9es ont atteint le niveau le plus \u00e9lev\u00e9 au monde. La gamme compl\u00e8te de v\u00e9hicules complets, les syst\u00e8mes d'assemblage cl\u00e9s et les technologies cl\u00e9s ont atteint le niveau de pointe national, comblant ainsi de nombreuses lacunes nationales et menant le progr\u00e8s technologique de l'industrie. Sinotruk s'est vu d\u00e9cerner les titres honorifiques d'\"Entreprise innovante exceptionnelle de Chine\" et d'\"Entreprise de qualit\u00e9 et d'int\u00e9grit\u00e9 de Chine\". Le projet \"Technologies cl\u00e9s et industrialisation de l'assemblage du groupe motopropulseur hybride \u00e0 transmission m\u00e9canique automatique des v\u00e9hicules commerciaux\" a remport\u00e9 le deuxi\u00e8me prix du National Science and Technology Progress Award.<\/p>\n<p>Depuis 2018, la nouvelle \u00e9quipe de direction de Sinotruk a conduit tous les employ\u00e9s \u00e0 mettre en \u0153uvre consciencieusement les instructions importantes du secr\u00e9taire g\u00e9n\u00e9ral Xi Jinping pour \"se concentrer sur l'activit\u00e9 principale\", \u00e0 mener une s\u00e9rie de r\u00e9formes drastiques, \u00e0 cr\u00e9er une nouvelle \u00e9cologie de la passion pour le travail, et l'entreprise est entr\u00e9e dans la voie rapide du d\u00e9veloppement de haute qualit\u00e9. En 2023, les r\u00e9sultats d'exploitation de Sinotruk ont \u00e9t\u00e9 les meilleurs de l'industrie. Le revenu d'exploitation annuel \u00e9tait de 173,1 milliards de yuans, la valeur ajout\u00e9e industrielle \u00e9tait de 19,1 milliards de yuans, et le volume des ventes de v\u00e9hicules \u00e9tait de 335 000 unit\u00e9s, dont 130 000 camions lourds ont \u00e9t\u00e9 export\u00e9s. C'est l'entreprise qui d\u00e9tient la plus grande part de march\u00e9 et la plus grande part d'exportation de camions lourds. En 2023, Sinotruk (Hong Kong) Co. \u00e9tait class\u00e9e 385e dans le \"Top 500 des entreprises chinoises\", 197e dans le \"Top 500 des entreprises manufacturi\u00e8res chinoises\" et 80e dans le \"Top 100 des marques les plus pr\u00e9cieuses de Chine\".<\/p>\n<p>China National Heavy Duty Truck Group Co, Ltd. (Sinotruk) est l'une des entreprises de poids lourds les plus compl\u00e8tes de l'industrie chinoise des poids lourds. Ses produits sont export\u00e9s dans plus de 110 pays et r\u00e9gions, repr\u00e9sentant plus de la moiti\u00e9 des exportations chinoises de poids lourds. Les principaux pays d'exportation sont les suivants <a href=\"https:\/\/www.cnhtcgroup.com\/fr\/saudi-arabia\/\">Arabie Saoudite<\/a>, <a href=\"https:\/\/www.cnhtcgroup.com\/fr\/angola\/\">Angola<\/a>, <a href=\"https:\/\/www.cnhtcgroup.com\/fr\/benin\/\">B\u00e9nin<\/a>, <a href=\"https:\/\/www.cnhtcgroup.com\/fr\/burkina-faso\/\">Burkina Faso<\/a>, <a href=\"https:\/\/www.cnhtcgroup.com\/fr\/burundi\/\">Burundi<\/a>, <a href=\"https:\/\/www.cnhtcgroup.com\/fr\/togo\/\">Togo<\/a>, <a href=\"https:\/\/www.cnhtcgroup.com\/fr\/democratic-republic-of-the-congo\/\">R\u00e9publique d\u00e9mocratique du Congo<\/a>, <a href=\"https:\/\/www.cnhtcgroup.com\/fr\/ghana\/\">Ghana<\/a>, <a href=\"https:\/\/www.cnhtcgroup.com\/fr\/chad\/\">Tchad<\/a>, <a href=\"https:\/\/www.cnhtcgroup.com\/fr\/gabon\/\">Gabon<\/a>, <a href=\"https:\/\/www.cnhtcgroup.com\/fr\/zimbabwe\/\">Zimbabwe<\/a>, <a href=\"https:\/\/www.cnhtcgroup.com\/fr\/cameroon\/\">Cameroun<\/a>, <a href=\"https:\/\/www.cnhtcgroup.com\/fr\/liberia\/\">Lib\u00e9ria<\/a>, <a href=\"https:\/\/www.cnhtcgroup.com\/fr\/rwandan\/\">Rwanda<\/a>, <a href=\"https:\/\/www.cnhtcgroup.com\/fr\/malawi\/\">Malawi<\/a>, <a href=\"https:\/\/www.cnhtcgroup.com\/fr\/mozambique\/\">Mozambique<\/a>, <a href=\"https:\/\/www.cnhtcgroup.com\/fr\/niger\/\">Niger<\/a>, <a href=\"https:\/\/www.cnhtcgroup.com\/fr\/sierra-leone\/\">Sierra Leone<\/a>, <a href=\"https:\/\/www.cnhtcgroup.com\/fr\/senegal\/\">S\u00e9n\u00e9gal<\/a>, <a href=\"https:\/\/www.cnhtcgroup.com\/fr\/tanzania\/\">Tanzanie<\/a>, <a href=\"https:\/\/www.cnhtcgroup.com\/fr\/uganda\/\">Ouganda<\/a>, <a href=\"https:\/\/www.cnhtcgroup.com\/fr\/guinea\/\">Guin\u00e9e<\/a>, <a href=\"https:\/\/www.cnhtcgroup.com\/fr\/zambia\/\">Zambie<\/a>, <a href=\"https:\/\/www.cnhtcgroup.com\/fr\/guyana\/\">Guyane<\/a>, <a href=\"https:\/\/www.cnhtcgroup.com\/fr\/vanuatu\/\">Vanuatu<\/a>, <a href=\"https:\/\/www.cnhtcgroup.com\/fr\/suriname\/\">Suriname<\/a>, <a href=\"https:\/\/www.cnhtcgroup.com\/fr\/dominican-republic\/\">R\u00e9publique dominicaine<\/a>, <a href=\"https:\/\/www.cnhtcgroup.com\/fr\/iraq\/\">L'Irak<\/a>, <a href=\"https:\/\/www.cnhtcgroup.com\/fr\/armenia\/\">Arm\u00e9nie<\/a>, <a href=\"https:\/\/www.cnhtcgroup.com\/fr\/comoros\/\">Comores<\/a>et d'autres.<\/p>\n<ol>\n<li>La premi\u00e8re place dans les exportations de poids lourds en Chine pendant 18 ann\u00e9es cons\u00e9cutives<\/li>\n<li>Les ventes \u00e0 l'exportation repr\u00e9sentent 50% des exportations totales de l'industrie.<\/li>\n<li>Nos produits sont devenus de plus en plus comp\u00e9titifs, atteignant des march\u00e9s d\u00e9velopp\u00e9s comme le Mexique, l'Australie et la Nouvelle-Z\u00e9lande<\/li>\n<li>67 bureaux de repr\u00e9sentation et succursales Plus de 400 vendeurs permanents \u00e0 l'\u00e9tranger<\/li>\n<li>Plus de 240 concessionnaires \u00e0 l'\u00e9tranger Plus de 450 points de vente de services et de pi\u00e8ces d\u00e9tach\u00e9es<\/li>\n<li>28 usines KD \u00e9tablies dans 18 pays et r\u00e9gions du monde<\/li>\n<\/ol>\n<p><img loading=\"lazy\" decoding=\"async\" class=\"aligncenter size-large wp-image-1402\" src=\"http:\/\/www.cnhtcgroup.com\/wp-content\/uploads\/2024\/11\/KD-factories-1024x199.webp\" alt=\"Usines KD\" width=\"1024\" height=\"199\" srcset=\"https:\/\/www.cnhtcgroup.com\/wp-content\/uploads\/2024\/11\/KD-factories-1024x199.webp 1024w, https:\/\/www.cnhtcgroup.com\/wp-content\/uploads\/2024\/11\/KD-factories-300x58.webp 300w, https:\/\/www.cnhtcgroup.com\/wp-content\/uploads\/2024\/11\/KD-factories-768x149.webp 768w, https:\/\/www.cnhtcgroup.com\/wp-content\/uploads\/2024\/11\/KD-factories.webp 1475w\" sizes=\"auto, (max-width: 1024px) 100vw, 1024px\" \/><\/p>","protected":false},"excerpt":{"rendered":"<p>Qui sommes-nous ? SINOTRUK Jinan Special Automobile Co., Ltd. est une filiale \u00e0 100 % de SINOTRUK et une base de camions r\u00e9am\u00e9nag\u00e9s de SINOTRUK \u00e0 Jinan qui int\u00e8gre la R&amp;D, la production et la vente de divers v\u00e9hicules \u00e0 usage sp\u00e9cial. Sinotruk Introduction China National Heavy Duty Truck Group Co., Ltd. (ci-apr\u00e8s d\u00e9nomm\u00e9e \"SINOTRUK\") \u00e9tait auparavant connue sous le nom de Jinan Automobile Manufacturing [...]<\/p>","protected":false},"author":1,"featured_media":0,"parent":145,"menu_order":48,"comment_status":"closed","ping_status":"closed","template":"gongsidanye.php","meta":{"_acf_changed":false,"footnotes":""},"class_list":["post-147","page","type-page","status-publish","hentry"],"acf":[],"_links":{"self":[{"href":"https:\/\/www.cnhtcgroup.com\/fr\/wp-json\/wp\/v2\/pages\/147","targetHints":{"allow":["GET"]}}],"collection":[{"href":"https:\/\/www.cnhtcgroup.com\/fr\/wp-json\/wp\/v2\/pages"}],"about":[{"href":"https:\/\/www.cnhtcgroup.com\/fr\/wp-json\/wp\/v2\/types\/page"}],"author":[{"embeddable":true,"href":"https:\/\/www.cnhtcgroup.com\/fr\/wp-json\/wp\/v2\/users\/1"}],"replies":[{"embeddable":true,"href":"https:\/\/www.cnhtcgroup.com\/fr\/wp-json\/wp\/v2\/comments?post=147"}],"version-history":[{"count":16,"href":"https:\/\/www.cnhtcgroup.com\/fr\/wp-json\/wp\/v2\/pages\/147\/revisions"}],"predecessor-version":[{"id":1618,"href":"https:\/\/www.cnhtcgroup.com\/fr\/wp-json\/wp\/v2\/pages\/147\/revisions\/1618"}],"up":[{"embeddable":true,"href":"https:\/\/www.cnhtcgroup.com\/fr\/wp-json\/wp\/v2\/pages\/145"}],"wp:attachment":[{"href":"https:\/\/www.cnhtcgroup.com\/fr\/wp-json\/wp\/v2\/media?parent=147"}],"curies":[{"name":"wp","href":"https:\/\/api.w.org\/{rel}","templated":true}]}}