{"id":137,"date":"2024-08-28T21:12:13","date_gmt":"2024-08-28T13:12:13","guid":{"rendered":"http:\/\/www.cnhtcgroup.com\/?page_id=137"},"modified":"2024-11-27T09:57:40","modified_gmt":"2024-11-27T01:57:40","slug":"brand-strategy","status":"publish","type":"page","link":"https:\/\/www.cnhtcgroup.com\/fr\/brand\/strategie-de-marque\/","title":{"rendered":"Strat\u00e9gie de marque"},"content":{"rendered":"<p>China National Heavy Duty Truck Group Co, Ltd. (ci-apr\u00e8s d\u00e9nomm\u00e9e \"<a href=\"https:\/\/www.cnhtcgroup.com\/fr\/\" data-internallinksmanager029f6b8e52c=\"1\" title=\"sinotruk\">Sinotruk<\/a>\") \u00e9tait auparavant l'usine de fabrication d'automobiles de Jinan, fond\u00e9e en 1930. Elle a une histoire de d\u00e9veloppement de la marque de pr\u00e8s de 100 ans et un profond h\u00e9ritage de la marque. Elle a \u00e9t\u00e9 t\u00e9moin du bond historique de l'industrie automobile nationale des poids lourds, qui est partie de z\u00e9ro, est pass\u00e9e de la petite \u00e0 la grande taille et de la faiblesse \u00e0 la force. Elle est l'h\u00e9riti\u00e8re et l'adepte de l'esprit du fleuve Jaune, qui consiste \u00e0 \"aller de l'avant au galop et \u00e0 s'efforcer de s'am\u00e9liorer\".<\/p>\n<p><img loading=\"lazy\" decoding=\"async\" class=\"aligncenter size-full wp-image-484\" src=\"http:\/\/www.cnhtcgroup.com\/wp-content\/uploads\/2024\/09\/Brand-strategy-1.jpg\" alt=\"\" width=\"1200\" height=\"542\" srcset=\"https:\/\/www.cnhtcgroup.com\/wp-content\/uploads\/2024\/09\/Brand-strategy-1.jpg 1200w, https:\/\/www.cnhtcgroup.com\/wp-content\/uploads\/2024\/09\/Brand-strategy-1-300x136.jpg 300w, https:\/\/www.cnhtcgroup.com\/wp-content\/uploads\/2024\/09\/Brand-strategy-1-1024x463.jpg 1024w, https:\/\/www.cnhtcgroup.com\/wp-content\/uploads\/2024\/09\/Brand-strategy-1-768x347.jpg 768w\" sizes=\"auto, (max-width: 1200px) 100vw, 1200px\" \/><\/p>\n<p>Sinotruk d\u00e9veloppe, produit et vend principalement des camions, des v\u00e9hicules sp\u00e9ciaux, des assemblages et des pi\u00e8ces automobiles tels que des moteurs, des bo\u00eetes de vitesses et des essieux. Elle dispose d'une gamme compl\u00e8te de marques de v\u00e9hicules commerciaux telles que Yellow River, <a href=\"https:\/\/www.cnhtcgroup.com\/fr\/sitrak\/\">Sitrak<\/a>et <a href=\"https:\/\/www.cnhtcgroup.com\/fr\/\" data-internallinksmanager029f6b8e52c=\"8\" title=\"howo\">Howo<\/a>. C'est l'une des entreprises de poids lourds qui dispose des formes d'entra\u00eenement et de la couverture de puissance les plus compl\u00e8tes dans l'industrie des poids lourds de mon pays. Sinotruk adh\u00e8re \u00e0 la valeur fondamentale \"la satisfaction du client est notre objectif\" et se fixe comme vision d'entreprise \"la construction d'un groupe de v\u00e9hicules commerciaux complets de classe mondiale\". Elle acc\u00e9l\u00e8re le rythme de l'innovation ind\u00e9pendante, continue d'augmenter les investissements en R&amp;D, introduit des talents techniques haut de gamme, cr\u00e9e une \u00e9cologie entrepreneuriale et une image de marque nationale ind\u00e9pendante haut de gamme de \"l'\u00e9quipement lourd d'un grand pays\".<\/p>\n<p>HOWO (H\u00e0o W\u00f2 en chinois), connu sous le nom de \"H\u00e0o Lu\u00f2\" (\u8c6a\u6cfa) dans les documents officiels, est un mod\u00e8le de camion lourd produit par Jinan Truck Co. Ltd. du China National Heavy Duty Truck Group Co. Ltd. La marque est commun\u00e9ment appel\u00e9e \"H\u00e0o W\u00f2\" dans le langage courant, bien que son nom officiel soit \"H\u00e0o Lu\u00f2\". La marque HOWO est utilis\u00e9e sur les v\u00e9hicules d'exportation.<\/p>\n<p><img loading=\"lazy\" decoding=\"async\" class=\"aligncenter size-full wp-image-485\" src=\"http:\/\/www.cnhtcgroup.com\/wp-content\/uploads\/2024\/09\/Brand-strategy.jpg\" alt=\"\" width=\"1510\" height=\"350\" srcset=\"https:\/\/www.cnhtcgroup.com\/wp-content\/uploads\/2024\/09\/Brand-strategy.jpg 1510w, https:\/\/www.cnhtcgroup.com\/wp-content\/uploads\/2024\/09\/Brand-strategy-300x70.jpg 300w, https:\/\/www.cnhtcgroup.com\/wp-content\/uploads\/2024\/09\/Brand-strategy-1024x237.jpg 1024w, https:\/\/www.cnhtcgroup.com\/wp-content\/uploads\/2024\/09\/Brand-strategy-768x178.jpg 768w\" sizes=\"auto, (max-width: 1510px) 100vw, 1510px\" \/><\/p>","protected":false},"excerpt":{"rendered":"<p>China National Heavy Duty Truck Group Co, Ltd (ci-apr\u00e8s d\u00e9nomm\u00e9 \"Sinotruk\") \u00e9tait auparavant l'usine de fabrication automobile de Jinan, fond\u00e9e en 1930. (ci-apr\u00e8s d\u00e9nomm\u00e9e \"Sinotruk\") \u00e9tait auparavant l'usine de fabrication d'automobiles de Jinan, fond\u00e9e en 1930. Elle a d\u00e9velopp\u00e9 sa marque pendant pr\u00e8s de 100 ans et poss\u00e8de un profond h\u00e9ritage en la mati\u00e8re. Elle a \u00e9t\u00e9 t\u00e9moin du bond historique de l'industrie nationale de l'automobile lourde \u00e0 partir de z\u00e9ro, de [...]<\/p>","protected":false},"author":1,"featured_media":0,"parent":133,"menu_order":52,"comment_status":"closed","ping_status":"closed","template":"pinpaidanye.php","meta":{"_acf_changed":false,"footnotes":""},"class_list":["post-137","page","type-page","status-publish","hentry"],"acf":[],"_links":{"self":[{"href":"https:\/\/www.cnhtcgroup.com\/fr\/wp-json\/wp\/v2\/pages\/137","targetHints":{"allow":["GET"]}}],"collection":[{"href":"https:\/\/www.cnhtcgroup.com\/fr\/wp-json\/wp\/v2\/pages"}],"about":[{"href":"https:\/\/www.cnhtcgroup.com\/fr\/wp-json\/wp\/v2\/types\/page"}],"author":[{"embeddable":true,"href":"https:\/\/www.cnhtcgroup.com\/fr\/wp-json\/wp\/v2\/users\/1"}],"replies":[{"embeddable":true,"href":"https:\/\/www.cnhtcgroup.com\/fr\/wp-json\/wp\/v2\/comments?post=137"}],"version-history":[{"count":8,"href":"https:\/\/www.cnhtcgroup.com\/fr\/wp-json\/wp\/v2\/pages\/137\/revisions"}],"predecessor-version":[{"id":1379,"href":"https:\/\/www.cnhtcgroup.com\/fr\/wp-json\/wp\/v2\/pages\/137\/revisions\/1379"}],"up":[{"embeddable":true,"href":"https:\/\/www.cnhtcgroup.com\/fr\/wp-json\/wp\/v2\/pages\/133"}],"wp:attachment":[{"href":"https:\/\/www.cnhtcgroup.com\/fr\/wp-json\/wp\/v2\/media?parent=137"}],"curies":[{"name":"wp","href":"https:\/\/api.w.org\/{rel}","templated":true}]}}