{"id":1340,"date":"2024-11-21T17:19:26","date_gmt":"2024-11-21T09:19:26","guid":{"rendered":"https:\/\/www.cnhtcgroup.com\/?page_id=1340"},"modified":"2024-11-21T17:19:26","modified_gmt":"2024-11-21T09:19:26","slug":"vanuatu","status":"publish","type":"page","link":"https:\/\/www.cnhtcgroup.com\/fr\/vanuatu\/","title":{"rendered":"Vanuatu"},"content":{"rendered":"<p>Le Vanuatu est le march\u00e9 d'exportation le plus important pour l'Union europ\u00e9enne. <a href=\"https:\/\/www.cnhtcgroup.com\/fr\/\" data-internallinksmanager029f6b8e52c=\"1\" title=\"sinotruk\">SINOTRUK<\/a>. SINOTRUK a export\u00e9 vers plus de 110 pays, et nous avons \u00e9galement \u00e9tabli une succursale \u00e0 Vanuatu pour fournir un service apr\u00e8s-vente complet.<\/p>\n<p>Vous pouvez commander directement des camions lourds en Chine \u00e0 des prix avantageux et avec une grande rentabilit\u00e9, et vous pouvez les personnaliser en fonction de vos besoins\uff0cNous avons plus de dix ans d'exp\u00e9rience en mati\u00e8re d'exportation.<\/p>","protected":false},"excerpt":{"rendered":"<p>Le Vanuatu est le march\u00e9 d'exportation le plus important pour SINOTRUK. SINOTRUK a export\u00e9 vers plus de 110 pays, et nous avons \u00e9galement \u00e9tabli une succursale au Vanuatu pour fournir un service apr\u00e8s-vente complet. Vous pouvez commander directement des camions lourds en Chine \u00e0 des prix avantageux et avec une grande rentabilit\u00e9, et vous pouvez les personnaliser selon vos besoins\uff0cNous avons plus de dix [...]<\/p>","protected":false},"author":1,"featured_media":0,"parent":0,"menu_order":8,"comment_status":"closed","ping_status":"closed","template":"guojiadanye.php","meta":{"_acf_changed":false,"footnotes":""},"class_list":["post-1340","page","type-page","status-publish","hentry"],"acf":[],"_links":{"self":[{"href":"https:\/\/www.cnhtcgroup.com\/fr\/wp-json\/wp\/v2\/pages\/1340","targetHints":{"allow":["GET"]}}],"collection":[{"href":"https:\/\/www.cnhtcgroup.com\/fr\/wp-json\/wp\/v2\/pages"}],"about":[{"href":"https:\/\/www.cnhtcgroup.com\/fr\/wp-json\/wp\/v2\/types\/page"}],"author":[{"embeddable":true,"href":"https:\/\/www.cnhtcgroup.com\/fr\/wp-json\/wp\/v2\/users\/1"}],"replies":[{"embeddable":true,"href":"https:\/\/www.cnhtcgroup.com\/fr\/wp-json\/wp\/v2\/comments?post=1340"}],"version-history":[{"count":1,"href":"https:\/\/www.cnhtcgroup.com\/fr\/wp-json\/wp\/v2\/pages\/1340\/revisions"}],"predecessor-version":[{"id":1341,"href":"https:\/\/www.cnhtcgroup.com\/fr\/wp-json\/wp\/v2\/pages\/1340\/revisions\/1341"}],"wp:attachment":[{"href":"https:\/\/www.cnhtcgroup.com\/fr\/wp-json\/wp\/v2\/media?parent=1340"}],"curies":[{"name":"wp","href":"https:\/\/api.w.org\/{rel}","templated":true}]}}