{"id":1202,"date":"2024-10-09T22:02:22","date_gmt":"2024-10-09T14:02:22","guid":{"rendered":"https:\/\/www.cnhtcgroup.com\/?page_id=1202"},"modified":"2024-10-09T22:20:16","modified_gmt":"2024-10-09T14:20:16","slug":"sitrak","status":"publish","type":"page","link":"https:\/\/www.cnhtcgroup.com\/fr\/sitrak\/","title":{"rendered":"Sitrak"},"content":{"rendered":"<p><a href=\"https:\/\/www.cnhtcgroup.com\/fr\/sitrak\/\" data-internallinksmanager029f6b8e52c=\"3\" title=\"Sitrak\" target=\"_blank\" rel=\"noopener\">SITRAK<\/a> est une marque haut de gamme de SINOTRUK, une collaboration entre <a href=\"https:\/\/www.cnhtcgroup.com\/fr\/\" data-internallinksmanager029f6b8e52c=\"1\" title=\"sinotruk\">SINOTRUK<\/a> et allemande. Il s'agit d'une technique purement europ\u00e9enne qui poss\u00e8de la technologie la plus avanc\u00e9e en mati\u00e8re de camions et une excellente qualit\u00e9 de produit.<\/p>","protected":false},"excerpt":{"rendered":"<p>SITRAK est une marque haut de gamme de SINOTRUK, fruit d'une collaboration entre SINOTRUK et une soci\u00e9t\u00e9 allemande. Elle se compose de techniques purement europ\u00e9ennes et poss\u00e8de la technologie la plus avanc\u00e9e en mati\u00e8re de camions ainsi qu'une excellente qualit\u00e9 de produit.<\/p>","protected":false},"author":1,"featured_media":0,"parent":0,"menu_order":33,"comment_status":"closed","ping_status":"closed","template":"chexidanye.php","meta":{"_acf_changed":false,"footnotes":""},"class_list":["post-1202","page","type-page","status-publish","hentry"],"acf":[],"_links":{"self":[{"href":"https:\/\/www.cnhtcgroup.com\/fr\/wp-json\/wp\/v2\/pages\/1202","targetHints":{"allow":["GET"]}}],"collection":[{"href":"https:\/\/www.cnhtcgroup.com\/fr\/wp-json\/wp\/v2\/pages"}],"about":[{"href":"https:\/\/www.cnhtcgroup.com\/fr\/wp-json\/wp\/v2\/types\/page"}],"author":[{"embeddable":true,"href":"https:\/\/www.cnhtcgroup.com\/fr\/wp-json\/wp\/v2\/users\/1"}],"replies":[{"embeddable":true,"href":"https:\/\/www.cnhtcgroup.com\/fr\/wp-json\/wp\/v2\/comments?post=1202"}],"version-history":[{"count":7,"href":"https:\/\/www.cnhtcgroup.com\/fr\/wp-json\/wp\/v2\/pages\/1202\/revisions"}],"predecessor-version":[{"id":1227,"href":"https:\/\/www.cnhtcgroup.com\/fr\/wp-json\/wp\/v2\/pages\/1202\/revisions\/1227"}],"wp:attachment":[{"href":"https:\/\/www.cnhtcgroup.com\/fr\/wp-json\/wp\/v2\/media?parent=1202"}],"curies":[{"name":"wp","href":"https:\/\/api.w.org\/{rel}","templated":true}]}}