{"id":1184,"date":"2024-09-30T20:41:05","date_gmt":"2024-09-30T12:41:05","guid":{"rendered":"https:\/\/www.cnhtcgroup.com\/?page_id=1184"},"modified":"2024-12-02T18:53:37","modified_gmt":"2024-12-02T10:53:37","slug":"howo-tx-series","status":"publish","type":"page","link":"https:\/\/www.cnhtcgroup.com\/fr\/howo-tx-series\/","title":{"rendered":"S\u00c9RIE HOWO TX"},"content":{"rendered":"<p><a href=\"https:\/\/www.cnhtcgroup.com\/fr\/\" data-internallinksmanager029f6b8e52c=\"1\" title=\"sinotruk\">SINOTRUK<\/a> a \u00e9t\u00e9 enti\u00e8rement mis \u00e0 jour <a href=\"https:\/\/www.cnhtcgroup.com\/fr\/\" data-internallinksmanager029f6b8e52c=\"8\" title=\"howo\">HOWO<\/a> Le nouveau mod\u00e8le de la s\u00e9rie TX est le fruit de plus d'une d\u00e9cennie d'exp\u00e9rience op\u00e9rationnelle r\u00e9ussie. Sur la base de ses avantages et caract\u00e9ristiques existants et gr\u00e2ce \u00e0 la combinaison, l'am\u00e9lioration et la transformation de la technologie allemande et de la technologie bas\u00e9e \u00e0 SINOTRUK, un tout nouveau mod\u00e8le de la s\u00e9rie TX de la famille de produits HOWO sera lanc\u00e9 sur le march\u00e9 en 2020.<\/p>","protected":false},"excerpt":{"rendered":"<p>SINOTRUK a enti\u00e8rement modernis\u00e9 le mod\u00e8le HOWO en s'appuyant sur plus d'une d\u00e9cennie d'exp\u00e9rience op\u00e9rationnelle r\u00e9ussie. Sur la base de ses avantages et caract\u00e9ristiques existants et gr\u00e2ce \u00e0 la combinaison, l'am\u00e9lioration et la transformation de la technologie allemande et de la technologie bas\u00e9e \u00e0 SINOTRUK, un tout nouveau mod\u00e8le de s\u00e9rie TX de la famille de produits HOWO sera lanc\u00e9 sur le march\u00e9 en 2020.<\/p>","protected":false},"author":1,"featured_media":0,"parent":0,"menu_order":34,"comment_status":"closed","ping_status":"closed","template":"chexidanye.php","meta":{"_acf_changed":false,"footnotes":""},"class_list":["post-1184","page","type-page","status-publish","hentry"],"acf":[],"_links":{"self":[{"href":"https:\/\/www.cnhtcgroup.com\/fr\/wp-json\/wp\/v2\/pages\/1184","targetHints":{"allow":["GET"]}}],"collection":[{"href":"https:\/\/www.cnhtcgroup.com\/fr\/wp-json\/wp\/v2\/pages"}],"about":[{"href":"https:\/\/www.cnhtcgroup.com\/fr\/wp-json\/wp\/v2\/types\/page"}],"author":[{"embeddable":true,"href":"https:\/\/www.cnhtcgroup.com\/fr\/wp-json\/wp\/v2\/users\/1"}],"replies":[{"embeddable":true,"href":"https:\/\/www.cnhtcgroup.com\/fr\/wp-json\/wp\/v2\/comments?post=1184"}],"version-history":[{"count":6,"href":"https:\/\/www.cnhtcgroup.com\/fr\/wp-json\/wp\/v2\/pages\/1184\/revisions"}],"predecessor-version":[{"id":1532,"href":"https:\/\/www.cnhtcgroup.com\/fr\/wp-json\/wp\/v2\/pages\/1184\/revisions\/1532"}],"wp:attachment":[{"href":"https:\/\/www.cnhtcgroup.com\/fr\/wp-json\/wp\/v2\/media?parent=1184"}],"curies":[{"name":"wp","href":"https:\/\/api.w.org\/{rel}","templated":true}]}}