{"id":1140,"date":"2024-09-30T16:28:01","date_gmt":"2024-09-30T08:28:01","guid":{"rendered":"https:\/\/www.cnhtcgroup.com\/?page_id=1140"},"modified":"2024-09-30T20:15:07","modified_gmt":"2024-09-30T12:15:07","slug":"howo-n-series","status":"publish","type":"page","link":"https:\/\/www.cnhtcgroup.com\/fr\/howo-n-series\/","title":{"rendered":"S\u00c9RIE HOWO-N"},"content":{"rendered":"<p><a href=\"https:\/\/www.cnhtcgroup.com\/fr\/\" data-internallinksmanager029f6b8e52c=\"8\" title=\"howo\">HOWO<\/a>-N est un produit rentable pour les poids lourds, lanc\u00e9 par <a href=\"https:\/\/www.cnhtcgroup.com\/fr\/\" data-internallinksmanager029f6b8e52c=\"1\" title=\"sinotruk\">SINOTRUK<\/a>Le syst\u00e8me est con\u00e7u de mani\u00e8re standardis\u00e9e, modulaire et l\u00e9g\u00e8re, et offre un bon niveau de confort, de fiabilit\u00e9 et d'\u00e9conomie.<\/p>","protected":false},"excerpt":{"rendered":"<p>Le HOWO-N est un poids lourd \u00e9conomique lanc\u00e9 par SINOTRUK, qui adopte des concepts de conception standardis\u00e9e, modulaire et l\u00e9g\u00e8re et qui offre un bon niveau de confort, de fiabilit\u00e9 et d'\u00e9conomie.<\/p>","protected":false},"author":1,"featured_media":0,"parent":0,"menu_order":35,"comment_status":"closed","ping_status":"closed","template":"chexidanye.php","meta":{"_acf_changed":false,"footnotes":""},"class_list":["post-1140","page","type-page","status-publish","hentry"],"acf":[],"_links":{"self":[{"href":"https:\/\/www.cnhtcgroup.com\/fr\/wp-json\/wp\/v2\/pages\/1140","targetHints":{"allow":["GET"]}}],"collection":[{"href":"https:\/\/www.cnhtcgroup.com\/fr\/wp-json\/wp\/v2\/pages"}],"about":[{"href":"https:\/\/www.cnhtcgroup.com\/fr\/wp-json\/wp\/v2\/types\/page"}],"author":[{"embeddable":true,"href":"https:\/\/www.cnhtcgroup.com\/fr\/wp-json\/wp\/v2\/users\/1"}],"replies":[{"embeddable":true,"href":"https:\/\/www.cnhtcgroup.com\/fr\/wp-json\/wp\/v2\/comments?post=1140"}],"version-history":[{"count":13,"href":"https:\/\/www.cnhtcgroup.com\/fr\/wp-json\/wp\/v2\/pages\/1140\/revisions"}],"predecessor-version":[{"id":1183,"href":"https:\/\/www.cnhtcgroup.com\/fr\/wp-json\/wp\/v2\/pages\/1140\/revisions\/1183"}],"wp:attachment":[{"href":"https:\/\/www.cnhtcgroup.com\/fr\/wp-json\/wp\/v2\/media?parent=1140"}],"curies":[{"name":"wp","href":"https:\/\/api.w.org\/{rel}","templated":true}]}}