{"id":3,"date":"2024-08-27T14:08:14","date_gmt":"2024-08-27T06:08:14","guid":{"rendered":"http:\/\/www.cnhtcgroup.com\/?page_id=3"},"modified":"2024-10-17T11:41:00","modified_gmt":"2024-10-17T03:41:00","slug":"privacy-policy","status":"publish","type":"page","link":"https:\/\/www.cnhtcgroup.com\/es\/privacy-policy\/","title":{"rendered":"Pol\u00edtica de privacidad"},"content":{"rendered":"<p><strong>Introducci\u00f3n<\/strong><\/p>\n<p>Bienvenido a www.cnhtcgroup.com (en lo sucesivo, \"este sitio web\"). Esta Pol\u00edtica de Privacidad describe c\u00f3mo recogemos, utilizamos, protegemos y procesamos su informaci\u00f3n personal. Nos comprometemos a respetar y proteger sus derechos de privacidad.<\/p>\n<p><strong>Recogida de informaci\u00f3n<\/strong><\/p>\n<p>Podemos recopilar su informaci\u00f3n personal a trav\u00e9s de formularios en l\u00ednea, ventanas emergentes de contacto u otras plataformas interactivas, incluidos, entre otros, su nombre, datos de contacto y direcci\u00f3n de correo electr\u00f3nico. Nos comprometemos a recopilar \u00fanicamente la informaci\u00f3n necesaria para prestar servicios en este sitio web.<\/p>\n<p><strong>Uso de la informaci\u00f3n<\/strong><\/p>\n<p>Utilizamos la informaci\u00f3n recopilada para responder a consultas, mejorar nuestros servicios, mantener el sitio web y para otros fines comerciales expl\u00edcitamente indicados. No utilizaremos su informaci\u00f3n para ning\u00fan otro fin sin su consentimiento.<\/p>\n<p><strong>Protecci\u00f3n de la informaci\u00f3n<\/strong><\/p>\n<p>Tomamos las medidas f\u00edsicas, electr\u00f3nicas y administrativas razonables para proteger su informaci\u00f3n contra el acceso no autorizado, la divulgaci\u00f3n o el uso indebido. Esto incluye el uso de la tecnolog\u00eda de encriptaci\u00f3n Secure Sockets Layer (SSL) para proteger los datos durante la transmisi\u00f3n.<\/p>\n<p><strong>Divulgaci\u00f3n a terceros<\/strong><\/p>\n<p>En circunstancias normales, no compartimos su informaci\u00f3n personal con terceros a menos que sea necesario para prestar los servicios que solicita, para cumplir requisitos legales o con su consentimiento expl\u00edcito.<\/p>\n<p><strong>Consentimiento<\/strong><\/p>\n<p>Al utilizar este sitio web, usted indica que est\u00e1 de acuerdo con los t\u00e9rminos de esta Pol\u00edtica de Privacidad. Podemos requerir su consentimiento expl\u00edcito para determinadas actividades, como cuando recopilamos informaci\u00f3n sensible.<\/p>\n<p><strong>Actualizaciones pol\u00edticas<\/strong><\/p>\n<p>Podemos actualizar esta Pol\u00edtica de Privacidad peri\u00f3dicamente. Todas las actualizaciones se publicar\u00e1n en esta p\u00e1gina con la fecha de la actualizaci\u00f3n. Animamos a los usuarios a revisar esta pol\u00edtica con regularidad para comprender nuestras pr\u00e1cticas de privacidad.<\/p>\n<p><strong>Uso de cookies<\/strong><\/p>\n<p>Este sitio web utiliza cookies para realizar un seguimiento de sus actividades en el sitio, guardar sus preferencias y ofrecerle una experiencia m\u00e1s personalizada.<\/p>\n<p><strong>Control de usuarios<\/strong><\/p>\n<p>Puede gestionar o eliminar las cookies ajustando la configuraci\u00f3n de su navegador. Para saber c\u00f3mo hacerlo, consulte la documentaci\u00f3n de ayuda de su navegador o visite los sitios web correspondientes.<\/p>\n<p><strong>Cookies de terceros<\/strong><\/p>\n<p>Este sitio web utiliza servicios de terceros para proporcionar an\u00e1lisis y otras funciones. Estos servicios pueden utilizar cookies y est\u00e1n sujetos a sus respectivas pol\u00edticas de privacidad.<\/p>","protected":false},"excerpt":{"rendered":"<p>Introducci\u00f3n Bienvenido a www.cnhtcgroup.com (en lo sucesivo, \"este sitio web\"). Esta Pol\u00edtica de Privacidad describe c\u00f3mo recogemos, utilizamos, protegemos y procesamos su informaci\u00f3n personal. Nos comprometemos a respetar y proteger sus derechos de privacidad. Recopilaci\u00f3n de informaci\u00f3n Podemos recopilar su informaci\u00f3n personal a trav\u00e9s de formularios en l\u00ednea, ventanas emergentes de contacto u otras plataformas interactivas, incluyendo [...]<\/p>","protected":false},"author":1,"featured_media":0,"parent":0,"menu_order":1,"comment_status":"closed","ping_status":"open","template":"gongsidanye.php","meta":{"_acf_changed":false,"footnotes":""},"class_list":["post-3","page","type-page","status-publish","hentry"],"acf":[],"_links":{"self":[{"href":"https:\/\/www.cnhtcgroup.com\/es\/wp-json\/wp\/v2\/pages\/3","targetHints":{"allow":["GET"]}}],"collection":[{"href":"https:\/\/www.cnhtcgroup.com\/es\/wp-json\/wp\/v2\/pages"}],"about":[{"href":"https:\/\/www.cnhtcgroup.com\/es\/wp-json\/wp\/v2\/types\/page"}],"author":[{"embeddable":true,"href":"https:\/\/www.cnhtcgroup.com\/es\/wp-json\/wp\/v2\/users\/1"}],"replies":[{"embeddable":true,"href":"https:\/\/www.cnhtcgroup.com\/es\/wp-json\/wp\/v2\/comments?post=3"}],"version-history":[{"count":3,"href":"https:\/\/www.cnhtcgroup.com\/es\/wp-json\/wp\/v2\/pages\/3\/revisions"}],"predecessor-version":[{"id":1239,"href":"https:\/\/www.cnhtcgroup.com\/es\/wp-json\/wp\/v2\/pages\/3\/revisions\/1239"}],"wp:attachment":[{"href":"https:\/\/www.cnhtcgroup.com\/es\/wp-json\/wp\/v2\/media?parent=3"}],"curies":[{"name":"wp","href":"https:\/\/api.w.org\/{rel}","templated":true}]}}