{"id":163,"date":"2024-08-28T21:51:43","date_gmt":"2024-08-28T13:51:43","guid":{"rendered":"http:\/\/www.cnhtcgroup.com\/?page_id=163"},"modified":"2025-08-12T13:44:24","modified_gmt":"2025-08-12T05:44:24","slug":"contact-us","status":"publish","type":"page","link":"https:\/\/www.cnhtcgroup.com\/es\/contact-us\/","title":{"rendered":"P\u00f3ngase en contacto con nosotros"},"content":{"rendered":"<p>En la actualidad, m\u00e1s de 4 millones de veh\u00edculos comerciales de SlNOTRUK est\u00e1n repartidos por todo el mundo y prestan servicio en diversas regiones del planeta. Una red mundial de m\u00e1s de 1.000 concesionarios garantiza la asistencia en ventas y servicios a clientes de todo el mundo.<\/p>\n<p>&nbsp;<\/p>\n<p><span style=\"color: #00a19f;\">Horario de oficina\uff1a Lunes a viernes de 8:30 a 17:30 CST (UTC + 8)<\/span><\/p>","protected":false},"excerpt":{"rendered":"<p>En la actualidad, m\u00e1s de 4 millones de veh\u00edculos comerciales de SlNOTRUK est\u00e1n repartidos por todo el mundo y prestan servicio en diversas regiones del planeta. Una red global de m\u00e1s de 1.000 concesionarios garantiza la asistencia en ventas y servicios a clientes de todo el mundo.   Horario de oficina\uff1a Lunes a viernes de 8:30 a 17:30 CST (UTC + 8)<\/p>","protected":false},"author":1,"featured_media":0,"parent":0,"menu_order":2,"comment_status":"closed","ping_status":"closed","template":"contactus.php","meta":{"_acf_changed":false,"footnotes":""},"class_list":["post-163","page","type-page","status-publish","hentry"],"acf":[],"_links":{"self":[{"href":"https:\/\/www.cnhtcgroup.com\/es\/wp-json\/wp\/v2\/pages\/163","targetHints":{"allow":["GET"]}}],"collection":[{"href":"https:\/\/www.cnhtcgroup.com\/es\/wp-json\/wp\/v2\/pages"}],"about":[{"href":"https:\/\/www.cnhtcgroup.com\/es\/wp-json\/wp\/v2\/types\/page"}],"author":[{"embeddable":true,"href":"https:\/\/www.cnhtcgroup.com\/es\/wp-json\/wp\/v2\/users\/1"}],"replies":[{"embeddable":true,"href":"https:\/\/www.cnhtcgroup.com\/es\/wp-json\/wp\/v2\/comments?post=163"}],"version-history":[{"count":12,"href":"https:\/\/www.cnhtcgroup.com\/es\/wp-json\/wp\/v2\/pages\/163\/revisions"}],"predecessor-version":[{"id":1690,"href":"https:\/\/www.cnhtcgroup.com\/es\/wp-json\/wp\/v2\/pages\/163\/revisions\/1690"}],"wp:attachment":[{"href":"https:\/\/www.cnhtcgroup.com\/es\/wp-json\/wp\/v2\/media?parent=163"}],"curies":[{"name":"wp","href":"https:\/\/api.w.org\/{rel}","templated":true}]}}