{"id":157,"date":"2024-08-28T21:31:49","date_gmt":"2024-08-28T13:31:49","guid":{"rendered":"http:\/\/www.cnhtcgroup.com\/?page_id=157"},"modified":"2024-11-27T20:54:04","modified_gmt":"2024-11-27T12:54:04","slug":"after-sales-service","status":"publish","type":"page","link":"https:\/\/www.cnhtcgroup.com\/es\/customer-service\/after-sales-service\/","title":{"rendered":"Servicio posventa"},"content":{"rendered":"<p><a href=\"https:\/\/www.cnhtcgroup.com\/es\/\" data-internallinksmanager029f6b8e52c=\"1\" title=\"sinotruk\">SINOTRUK<\/a> coopera estrechamente con clientes de diversos campos de todo el mundo para lograr resultados beneficiosos para todos.<\/p>\n<h3>I. Compromiso de servicio<\/h3>\n<p>Sinotruk se compromete a proporcionar a los clientes servicios posventa completos para garantizar el funcionamiento eficaz y la seguridad de los veh\u00edculos. Nuestro equipo de ingenieros de servicio ofrece asistencia profesional de servicio posventa y orientaci\u00f3n remota, lo que le permite conducir con tranquilidad.<\/p>\n<h3>II. Red mundial de servicios<\/h3>\n<p>Sinotruk cuenta con m\u00e1s de 450 puntos de servicio y venta de piezas en todo el mundo, lo que garantiza un servicio posventa c\u00f3modo y eficaz est\u00e9 donde est\u00e9.<\/p>\n<h3>III. Formaci\u00f3n de conductores<\/h3>\n<p>Ofrecemos un completo programa de formaci\u00f3n de conductores, que incluye formaci\u00f3n operativa, formaci\u00f3n sobre seguridad y formaci\u00f3n sobre ahorro de combustible, con el objetivo de mejorar las habilidades operativas de los conductores, reducir el consumo de combustible y prolongar la vida \u00fatil del veh\u00edculo.<\/p>\n<h3>IV. Visi\u00f3n general de la pol\u00edtica de garant\u00edas<\/h3>\n<p><strong>Periodo de garant\u00eda:<\/strong> Camiones de carretera - 12 meses o 60.000 kil\u00f3metros, camiones todoterreno y veh\u00edculos de ingenier\u00eda - 6 meses o 30.000 kil\u00f3metros.<br \/>\n<strong>Alcance de la garant\u00eda:<\/strong> Durante el periodo de garant\u00eda, se ofrecen reparaciones o sustituciones gratuitas por da\u00f1os causados por defectos de material o fabricaci\u00f3n.<br \/>\n<strong>Servicio obligatorio:<\/strong> Los veh\u00edculos nuevos disfrutan de una revisi\u00f3n obligatoria entre 2.000 y 4.000 kil\u00f3metros y en un plazo de seis meses.<\/p>\n<h3>V. Pol\u00edtica de garant\u00eda detallada<\/h3>\n<p>Para obtener una pol\u00edtica de garant\u00eda detallada, incluidas las condiciones, el alcance y el proceso de la garant\u00eda, visite el siguiente enlace: <a href=\"https:\/\/www.cnhtcgroup.com\/es\/customer-service\/warranty-policy\/\">Pol\u00edtica de garant\u00eda<\/a><\/p>\n<p>Sinotruk se centra en el cliente, proporcionando un servicio postventa profesional y considerado para garantizar que sus veh\u00edculos est\u00e9n siempre en las mejores condiciones. Para cualquier necesidad de servicio o consulta, no dude en ponerse en contacto con nosotros a trav\u00e9s de nuestro sitio web oficial o l\u00ednea directa de servicio. Nos comprometemos a ofrecerle la mejor experiencia de servicio. Para obtener m\u00e1s informaci\u00f3n sobre el servicio, haga clic en el enlace de pol\u00edtica de garant\u00eda anterior.<\/p>","protected":false},"excerpt":{"rendered":"<p>SINOTRUK colabora estrechamente con clientes de diversos \u00e1mbitos de todo el mundo para lograr resultados beneficiosos para todas las partes. I. Compromiso de servicio Sinotruk se compromete a proporcionar a los clientes servicios postventa integrales para garantizar el funcionamiento eficiente y la seguridad de los veh\u00edculos. Nuestro equipo de ingenieros de servicio ofrece apoyo profesional de servicio postventa y orientaci\u00f3n remota, lo que le permite conducir [...]<\/p>","protected":false},"author":1,"featured_media":0,"parent":155,"menu_order":43,"comment_status":"closed","ping_status":"closed","template":"fuwudanye.php","meta":{"_acf_changed":false,"footnotes":""},"class_list":["post-157","page","type-page","status-publish","hentry"],"acf":[],"_links":{"self":[{"href":"https:\/\/www.cnhtcgroup.com\/es\/wp-json\/wp\/v2\/pages\/157","targetHints":{"allow":["GET"]}}],"collection":[{"href":"https:\/\/www.cnhtcgroup.com\/es\/wp-json\/wp\/v2\/pages"}],"about":[{"href":"https:\/\/www.cnhtcgroup.com\/es\/wp-json\/wp\/v2\/types\/page"}],"author":[{"embeddable":true,"href":"https:\/\/www.cnhtcgroup.com\/es\/wp-json\/wp\/v2\/users\/1"}],"replies":[{"embeddable":true,"href":"https:\/\/www.cnhtcgroup.com\/es\/wp-json\/wp\/v2\/comments?post=157"}],"version-history":[{"count":6,"href":"https:\/\/www.cnhtcgroup.com\/es\/wp-json\/wp\/v2\/pages\/157\/revisions"}],"predecessor-version":[{"id":1495,"href":"https:\/\/www.cnhtcgroup.com\/es\/wp-json\/wp\/v2\/pages\/157\/revisions\/1495"}],"up":[{"embeddable":true,"href":"https:\/\/www.cnhtcgroup.com\/es\/wp-json\/wp\/v2\/pages\/155"}],"wp:attachment":[{"href":"https:\/\/www.cnhtcgroup.com\/es\/wp-json\/wp\/v2\/media?parent=157"}],"curies":[{"name":"wp","href":"https:\/\/api.w.org\/{rel}","templated":true}]}}