{"id":153,"date":"2024-08-28T21:26:24","date_gmt":"2024-08-28T13:26:24","guid":{"rendered":"http:\/\/www.cnhtcgroup.com\/?page_id=153"},"modified":"2024-11-27T13:36:28","modified_gmt":"2024-11-27T05:36:28","slug":"social-responsibility","status":"publish","type":"page","link":"https:\/\/www.cnhtcgroup.com\/es\/company\/social-responsibility\/","title":{"rendered":"Responsabilidad social"},"content":{"rendered":"<p><img loading=\"lazy\" decoding=\"async\" class=\"aligncenter size-full wp-image-1396\" src=\"http:\/\/www.cnhtcgroup.com\/wp-content\/uploads\/2024\/11\/Social-Responsibility3.jpg\" alt=\"Responsabilidad social\" width=\"980\" height=\"317\" srcset=\"https:\/\/www.cnhtcgroup.com\/wp-content\/uploads\/2024\/11\/Social-Responsibility3.jpg 980w, https:\/\/www.cnhtcgroup.com\/wp-content\/uploads\/2024\/11\/Social-Responsibility3-300x97.jpg 300w, https:\/\/www.cnhtcgroup.com\/wp-content\/uploads\/2024\/11\/Social-Responsibility3-768x248.jpg 768w\" sizes=\"auto, (max-width: 980px) 100vw, 980px\" \/> <img loading=\"lazy\" decoding=\"async\" class=\"aligncenter size-full wp-image-1397\" src=\"http:\/\/www.cnhtcgroup.com\/wp-content\/uploads\/2024\/11\/Social-Responsibility2.jpg\" alt=\"Responsabilidad social\" width=\"982\" height=\"621\" srcset=\"https:\/\/www.cnhtcgroup.com\/wp-content\/uploads\/2024\/11\/Social-Responsibility2.jpg 982w, https:\/\/www.cnhtcgroup.com\/wp-content\/uploads\/2024\/11\/Social-Responsibility2-300x190.jpg 300w, https:\/\/www.cnhtcgroup.com\/wp-content\/uploads\/2024\/11\/Social-Responsibility2-768x486.jpg 768w\" sizes=\"auto, (max-width: 982px) 100vw, 982px\" \/> <img loading=\"lazy\" decoding=\"async\" class=\"aligncenter size-full wp-image-1398\" src=\"http:\/\/www.cnhtcgroup.com\/wp-content\/uploads\/2024\/11\/Social-Responsibility.jpg\" alt=\"Responsabilidad social\" width=\"980\" height=\"720\" srcset=\"https:\/\/www.cnhtcgroup.com\/wp-content\/uploads\/2024\/11\/Social-Responsibility.jpg 980w, https:\/\/www.cnhtcgroup.com\/wp-content\/uploads\/2024\/11\/Social-Responsibility-300x220.jpg 300w, https:\/\/www.cnhtcgroup.com\/wp-content\/uploads\/2024\/11\/Social-Responsibility-768x564.jpg 768w\" sizes=\"auto, (max-width: 980px) 100vw, 980px\" \/><\/p>\n<p>En el camino del r\u00e1pido desarrollo, <a href=\"https:\/\/www.cnhtcgroup.com\/es\/\" data-internallinksmanager029f6b8e52c=\"1\" title=\"sinotruk\">Sinotruk<\/a> ha asumido con valent\u00eda responsabilidades sociales y ha avanzado con amor. Ha invertido m\u00e1s de 100 millones de yuanes en proyectos de ayuda en cat\u00e1strofes y ha donado casi 30 millones de yuanes en propiedades. En los \u00faltimos a\u00f1os, con el continuo avance de las empresas de caridad y bienestar p\u00fablico del Grupo Sinotruk, Sinotruk ha ganado muchos t\u00edtulos honor\u00edficos, entre ellos \"Unidad Civilizada Nacional\", \"Premio de Caridad de China\", \"Unidad Nacional Avanzada de Construcci\u00f3n de Civilizaci\u00f3n Espiritual 2009\", \"Hogar Modelo Nacional de Trabajadores\", \"Premio de Honor del Arca Comunitaria de Hong Kong\", \"Premio de Caridad de Shandong\", \"Premio a la Empresa M\u00e1s Solidaria de la Provincia de Shandong\", \"Diez Mejores Empresas Responsables de Shandong de 2008\", \"Unidad Civilizada Provincial de 2009\", \"Premio a la Empresa M\u00e1s Solidaria de 2009\", \"Premio a Mis Hermanos y Hermanas - Embajadores del Amor\", \"Colectivo Destacado de la Ciudad de Jinan por su Entusiasta Bienestar P\u00fablico\", \"Premio a la Contribuci\u00f3n Destacada de la Ciudad de Jinan por sus Actos Heroicos\" y \"Premio a la Contribuci\u00f3n Destacada durante Diez A\u00f1os a la Caridad de Jinan\".<\/p>\n<p>A lo largo de los a\u00f1os, el Grupo Sinotruk ha tomado la iniciativa de asumir responsabilidades sociales, ha apoyado activamente la beneficencia y la asistencia a los discapacitados, y ha participado con entusiasmo en diversas actividades de bienestar p\u00fablico en la sociedad: en julio de 2006, tom\u00f3 la iniciativa de establecer un centro de trabajo corporativo de beneficencia en la ciudad de Jinan, organizando y guiando a los empleados para que participaran activamente en diversas actividades de socorro en cat\u00e1strofes y de donaciones ben\u00e9ficas diarias. Adem\u00e1s, con el desarrollo de la empresa y el aumento de la conciencia caritativa de los empleados, el n\u00famero de donaciones ha aumentado a\u00f1o tras a\u00f1o. Los fondos de caridad comprometidos por Sinotruk con la Federaci\u00f3n Ben\u00e9fica de la Provincia de Shandong y Jinan han aumentado de los 20 millones originales a los 100 millones de yuanes actuales, donando 5,6 millones de yuanes cada a\u00f1o. Sinotruk (Hong Kong) Company ha donado continuamente fondos de bienestar p\u00fablico a organizaciones ben\u00e9ficas de Hong Kong desde su salida a bolsa, y fue galardonada con el premio honor\u00edfico Hong Kong Community Chest. En el marco de las actividades de \"Respeto, cuidado y ayuda\" a los discapacitados, se hicieron donaciones a la Fundaci\u00f3n de Bienestar de los Discapacitados de la provincia de Shandong y la ciudad de Jinan para tratamiento m\u00e9dico, rehabilitaci\u00f3n, educaci\u00f3n y asistencia vital a discapacitados pobres; cada a\u00f1o, con motivo de la llegada del \"D\u00eda Nacional de los Discapacitados\", se presentar\u00e1n proyectos de amor a los discapacitados.<\/p>\n<p>Ante diversas cat\u00e1strofes: el terremoto de Wenchuan, el terremoto de Yushu, el desastre de las heladas, la sequ\u00eda en el sur, el tsunami del sudeste asi\u00e1tico, el accidente por inundaci\u00f3n de la mina de carb\u00f3n de Huayuan... En los \u00faltimos a\u00f1os, los empleados de China National Heavy Duty Truck han donado generosamente un total de 30 millones de yuanes en efectivo y materiales. Algunas unidades tambi\u00e9n organizaron a sus empleados para adentrarse en la zona del desastre para distribuir bienes a las masas y dar agua mineral a los estudiantes de las escuelas; para apoyar a la poblaci\u00f3n de Sichuan en la reconstrucci\u00f3n de sus hogares, en mayo de 2009, Sinotruk invirti\u00f3 la primera suma de dinero en Mianyang para construir Sinotruk Mianyang Special Purpose Vehicle Co., Ltd. con una capacidad de producci\u00f3n anual de 10.000 veh\u00edculos especiales. La empresa se puso oficialmente en producci\u00f3n en diciembre de 2009 y proporcion\u00f3 300 puestos de trabajo a la ciudad de Mianyang; el 24 de agosto de 2010, el Gobierno Popular Municipal de Mianyang y Sinotruk Group Co., Ltd. firmaron el Acuerdo del Proyecto de Camiones Sinotruk Group Sichuan Mianyang, con una inversi\u00f3n total de unos 2.000 millones de yuanes. Tras su finalizaci\u00f3n y puesta en producci\u00f3n, formar\u00e1 una capacidad de producci\u00f3n anual de 40.000 veh\u00edculos pesados. La inversi\u00f3n inicial es de unos 1.000 millones de yuanes, formando una capacidad de ensamblaje de 20.000 camiones pesados; en 2010, en respuesta a la estrategia nacional occidental y a la disposici\u00f3n estrat\u00e9gica del desarrollo de Haixi, se dieron a conocer sucesivamente Sinotruk Group Chengdu Wangpai Commercial Vehicle Co., Ltd. y Fujian Haixi Automobile Co., Ltd.<\/p>\n<p>SINOTRUK organiz\u00f3 a sus empleados para que participaran en diversas actividades de voluntariado y apoy\u00f3 activamente varias empresas de bienestar p\u00fablico en la sociedad: don\u00f3 20.000 yuanes a una escuela primaria de Shanxi para ayudarla a mejorar su infraestructura educativa; invirti\u00f3 un mill\u00f3n de yuanes en 2008 para participar en la construcci\u00f3n de un nuevo campo socialista, y financi\u00f3 la construcci\u00f3n de una serie de infraestructuras como la pavimentaci\u00f3n de carreteras, la reparaci\u00f3n de puentes, la construcci\u00f3n de instalaciones de conservaci\u00f3n de agua, la instalaci\u00f3n de alumbrado p\u00fablico y la construcci\u00f3n de piscinas de biog\u00e1s en el pueblo de Qimiao, en la localidad de Longsangsi, en el condado de Shanghe (Shandong); para apoyar la construcci\u00f3n municipal de Jinan, en marzo de 2010, SINOTRUK don\u00f3 gratuitamente al Gobierno Municipal de Jinan 10 veh\u00edculos sanitarios multifuncionales por un valor total de 5 millones de yuanes, en beneficio de la poblaci\u00f3n de Jinan.<\/p>\n<p>Adem\u00e1s, SINOTRUK tambi\u00e9n apoya con entusiasmo el desarrollo del deporte, y ha patrocinado sucesivamente a la Selecci\u00f3n Femenina de F\u00fatbol de Shandong, al Equipo de Ajedrez del Club Life Daily Qunkang, y ha patrocinado el Campeonato de Lucha de China, la Selecci\u00f3n Nacional de Halterofilia Femenina, los XI Juegos Nacionales y el viaje de la Selecci\u00f3n China de Halterofilia a los Juegos Ol\u00edmpicos de Londres.<\/p>\n<p>Ante las turbulencias financieras y la inestabilidad de los mercados de capitales, Sinotruk siempre protege los intereses de los accionistas y ha aumentado su participaci\u00f3n en Sinotruk (Hong Kong) Co., Ltd. en 43.218.000 acciones el 23 de septiembre y el 17 de octubre de 2009.<\/p>\n<p>En 2010, en la \"Acci\u00f3n de servicio voluntario para el cuidado de ancianos con nido vac\u00edo\" de la ciudad de Jinan, don\u00f3 200.000 yuanes de fondos de servicio voluntario a la Fundaci\u00f3n de Servicio Voluntario de China; bajo la influencia del trabajo ben\u00e9fico de la empresa del grupo, la f\u00e1brica profesional tom\u00f3 la iniciativa de llevar a cabo trabajos ben\u00e9ficos en zonas rurales, realiz\u00f3 la actividad \"Ilumina la peque\u00f1a linterna naranja\" y don\u00f3 m\u00e1s de 890 libros a ni\u00f1os abandonados.<\/p>","protected":false},"excerpt":{"rendered":"<p>En el camino del r\u00e1pido desarrollo, Sinotruk ha asumido con valent\u00eda responsabilidades sociales y ha avanzado con amor. Ha invertido m\u00e1s de 100 millones de yuanes en proyectos de ayuda en cat\u00e1strofes y ha donado casi 30 millones de yuanes en propiedades. En los \u00faltimos a\u00f1os, con el continuo avance de las empresas de beneficencia y bienestar p\u00fablico del Grupo Sinotruk, [...]<\/p>","protected":false},"author":1,"featured_media":0,"parent":145,"menu_order":45,"comment_status":"closed","ping_status":"closed","template":"gongsidanye.php","meta":{"_acf_changed":false,"footnotes":""},"class_list":["post-153","page","type-page","status-publish","hentry"],"acf":[],"_links":{"self":[{"href":"https:\/\/www.cnhtcgroup.com\/es\/wp-json\/wp\/v2\/pages\/153","targetHints":{"allow":["GET"]}}],"collection":[{"href":"https:\/\/www.cnhtcgroup.com\/es\/wp-json\/wp\/v2\/pages"}],"about":[{"href":"https:\/\/www.cnhtcgroup.com\/es\/wp-json\/wp\/v2\/types\/page"}],"author":[{"embeddable":true,"href":"https:\/\/www.cnhtcgroup.com\/es\/wp-json\/wp\/v2\/users\/1"}],"replies":[{"embeddable":true,"href":"https:\/\/www.cnhtcgroup.com\/es\/wp-json\/wp\/v2\/comments?post=153"}],"version-history":[{"count":5,"href":"https:\/\/www.cnhtcgroup.com\/es\/wp-json\/wp\/v2\/pages\/153\/revisions"}],"predecessor-version":[{"id":1399,"href":"https:\/\/www.cnhtcgroup.com\/es\/wp-json\/wp\/v2\/pages\/153\/revisions\/1399"}],"up":[{"embeddable":true,"href":"https:\/\/www.cnhtcgroup.com\/es\/wp-json\/wp\/v2\/pages\/145"}],"wp:attachment":[{"href":"https:\/\/www.cnhtcgroup.com\/es\/wp-json\/wp\/v2\/media?parent=153"}],"curies":[{"name":"wp","href":"https:\/\/api.w.org\/{rel}","templated":true}]}}