{"id":1322,"date":"2024-11-21T17:12:08","date_gmt":"2024-11-21T09:12:08","guid":{"rendered":"https:\/\/www.cnhtcgroup.com\/?page_id=1322"},"modified":"2024-11-21T17:12:08","modified_gmt":"2024-11-21T09:12:08","slug":"niger","status":"publish","type":"page","link":"https:\/\/www.cnhtcgroup.com\/es\/niger\/","title":{"rendered":"N\u00edger"},"content":{"rendered":"<p>N\u00edger es el mercado de exportaci\u00f3n m\u00e1s importante para <a href=\"https:\/\/www.cnhtcgroup.com\/es\/\" data-internallinksmanager029f6b8e52c=\"1\" title=\"sinotruk\">SINOTRUK<\/a>. SINOTRUK ha exportado a m\u00e1s de 110 pa\u00edses, y tambi\u00e9n hemos establecido una sucursal en N\u00edger para ofrecer un completo servicio posventa.<\/p>\n<p>Usted puede ordenar directamente camiones pesados de China a precios favorables y alta rentabilidad, y puede personalizar de acuerdo a sus necesidades, tenemos m\u00e1s de diez a\u00f1os de experiencia en la exportaci\u00f3n.<\/p>","protected":false},"excerpt":{"rendered":"<p>N\u00edger es el mercado de exportaci\u00f3n m\u00e1s importante para SINOTRUK. SINOTRUK ha exportado a m\u00e1s de 110 pa\u00edses, y tambi\u00e9n hemos establecido una sucursal en N\u00edger para ofrecer un completo servicio post-venta. Usted puede ordenar directamente camiones pesados de China a precios favorables y alta rentabilidad, y puede personalizar de acuerdo a su su requisito, tenemos m\u00e1s de diez [...]<\/p>","protected":false},"author":1,"featured_media":0,"parent":0,"menu_order":16,"comment_status":"closed","ping_status":"closed","template":"guojiadanye.php","meta":{"_acf_changed":false,"footnotes":""},"class_list":["post-1322","page","type-page","status-publish","hentry"],"acf":[],"_links":{"self":[{"href":"https:\/\/www.cnhtcgroup.com\/es\/wp-json\/wp\/v2\/pages\/1322","targetHints":{"allow":["GET"]}}],"collection":[{"href":"https:\/\/www.cnhtcgroup.com\/es\/wp-json\/wp\/v2\/pages"}],"about":[{"href":"https:\/\/www.cnhtcgroup.com\/es\/wp-json\/wp\/v2\/types\/page"}],"author":[{"embeddable":true,"href":"https:\/\/www.cnhtcgroup.com\/es\/wp-json\/wp\/v2\/users\/1"}],"replies":[{"embeddable":true,"href":"https:\/\/www.cnhtcgroup.com\/es\/wp-json\/wp\/v2\/comments?post=1322"}],"version-history":[{"count":1,"href":"https:\/\/www.cnhtcgroup.com\/es\/wp-json\/wp\/v2\/pages\/1322\/revisions"}],"predecessor-version":[{"id":1323,"href":"https:\/\/www.cnhtcgroup.com\/es\/wp-json\/wp\/v2\/pages\/1322\/revisions\/1323"}],"wp:attachment":[{"href":"https:\/\/www.cnhtcgroup.com\/es\/wp-json\/wp\/v2\/media?parent=1322"}],"curies":[{"name":"wp","href":"https:\/\/api.w.org\/{rel}","templated":true}]}}