{"id":1140,"date":"2024-09-30T16:28:01","date_gmt":"2024-09-30T08:28:01","guid":{"rendered":"https:\/\/www.cnhtcgroup.com\/?page_id=1140"},"modified":"2024-09-30T20:15:07","modified_gmt":"2024-09-30T12:15:07","slug":"howo-n-series","status":"publish","type":"page","link":"https:\/\/www.cnhtcgroup.com\/es\/howo-n-series\/","title":{"rendered":"SERIE HOWO-N"},"content":{"rendered":"<p><a href=\"https:\/\/www.cnhtcgroup.com\/es\/\" data-internallinksmanager029f6b8e52c=\"8\" title=\"howo\">HOWO<\/a>-N es un producto rentable para camiones de gran tonelaje lanzado por <a href=\"https:\/\/www.cnhtcgroup.com\/es\/\" data-internallinksmanager029f6b8e52c=\"1\" title=\"sinotruk\">SINOTRUK<\/a>que adopta conceptos de dise\u00f1o estandarizados, modulares y ligeros y ofrece un buen confort, fiabilidad y econom\u00eda.<\/p>","protected":false},"excerpt":{"rendered":"<p>HOWO-N es un producto rentable del cami\u00f3n heawy-duty lanzado por SINOTRUK, que adopta conceptos estandardizados, modulares y ligeros del dise\u00f1o y tiene buena confiabilidad y econom\u00eda de la comodidad.<\/p>","protected":false},"author":1,"featured_media":0,"parent":0,"menu_order":35,"comment_status":"closed","ping_status":"closed","template":"chexidanye.php","meta":{"_acf_changed":false,"footnotes":""},"class_list":["post-1140","page","type-page","status-publish","hentry"],"acf":[],"_links":{"self":[{"href":"https:\/\/www.cnhtcgroup.com\/es\/wp-json\/wp\/v2\/pages\/1140","targetHints":{"allow":["GET"]}}],"collection":[{"href":"https:\/\/www.cnhtcgroup.com\/es\/wp-json\/wp\/v2\/pages"}],"about":[{"href":"https:\/\/www.cnhtcgroup.com\/es\/wp-json\/wp\/v2\/types\/page"}],"author":[{"embeddable":true,"href":"https:\/\/www.cnhtcgroup.com\/es\/wp-json\/wp\/v2\/users\/1"}],"replies":[{"embeddable":true,"href":"https:\/\/www.cnhtcgroup.com\/es\/wp-json\/wp\/v2\/comments?post=1140"}],"version-history":[{"count":13,"href":"https:\/\/www.cnhtcgroup.com\/es\/wp-json\/wp\/v2\/pages\/1140\/revisions"}],"predecessor-version":[{"id":1183,"href":"https:\/\/www.cnhtcgroup.com\/es\/wp-json\/wp\/v2\/pages\/1140\/revisions\/1183"}],"wp:attachment":[{"href":"https:\/\/www.cnhtcgroup.com\/es\/wp-json\/wp\/v2\/media?parent=1140"}],"curies":[{"name":"wp","href":"https:\/\/api.w.org\/{rel}","templated":true}]}}